{"id":111,"date":"2021-03-23T20:49:08","date_gmt":"2021-03-23T19:49:08","guid":{"rendered":"http:\/\/grips-im-kopf.de\/?page_id=111"},"modified":"2021-03-23T20:49:08","modified_gmt":"2021-03-23T19:49:08","slug":"impressum-datenschutz","status":"publish","type":"page","link":"https:\/\/grips-im-kopf.de\/?page_id=111","title":{"rendered":"Impressum\/Datenschutz"},"content":{"rendered":"\n<p>V<strong>erantwortlich laut Telemediengesetz\/Diensteanbieter:<\/strong><br>Alice Leugermann<br>Engelthaler Stra\u00dfe 16a<br>60435 Frankfurt am Main<\/p>\n\n\n\n<p>Tel. 0174 3291434<br>E-Mail:alice-leugermann@gmx.de<\/p>\n\n\n\n<p>Alle Angaben auf dieser Website wurden sorgf\u00e4ltig gepr\u00fcft. Der Betreiber \u00fcbernimmt&nbsp; jedoch keine Gew\u00e4hr f\u00fcr die Aktualit\u00e4t, Richtigkeit, Vollst\u00e4ndigkeit oder Qualit\u00e4t und jederzeitige Verf\u00fcgbarkeit der bereitgestellten Informationen.<\/p>\n\n\n\n<p>Dies gilt ebenso f\u00fcr die Verweise auf andere Internetseiten. Sie geben lediglich die Auffassungen und Erkenntnisse der abfassenden Personen wieder, f\u00fcr deren Inhalt ausschlie\u00dflich deren Betreiber verantwortlich sind.<\/p>\n\n\n\n<p>Der Autor erkl\u00e4rt hiermit ausdr\u00fccklich, dass zum Zeitpunkt der Linksetzung keine illegalen Inhalte auf den zu verlinkenden Seiten erkennbar waren. Auf die aktuelle und zuk\u00fcnftige Gestaltung, die Inhalte oder die Urheberschaft der gelinkten\/verkn\u00fcpften Seiten hat der Autor keinerlei Einfluss. Deshalb distanziert er sich hiermit ausdr\u00fccklich von allen Inhalten aller gelinkten \/verkn\u00fcpften Seiten, die nach der Linksetzung ver\u00e4ndert wurden.<\/p>\n\n\n\n<p><strong>Allgemeine Datenschutzerkl\u00e4rung:<\/strong><br>Diese Datenschutzerkl\u00e4rung gilt f\u00fcr das Internet-Angebot (www.grips-im-kopf.de). Dieses Internet-Angebot wird im Wege der Auftragsdatenverarbeitung von Goneo als technischem Dienstleister vorgehalten. Dabei findet keine \u00fcber das in dieser Erkl\u00e4rung dargestellte Ma\u00df hinausgehende Speicherung und Verarbeitung personenbezogener Nutzungsdaten statt.<\/p>\n\n\n\n<p><strong>Erhebung von Nutzungsdaten\/Nutzungsanalyse<\/strong><br>Beim Zugriff auf unser Internetangebot erfasst der Dienstleister folgende Daten: Es werden die Standard-Logdaten (Login-Versuche, Absender-Adresse, Empf\u00e4nger-Adresse, IP-Adresse von Absender- und Empf\u00e4ngerserver) gespeichert. Dies ist notwendig, um Angriffs- und Hackversuche erkennen und abwehren zu k\u00f6nnen, sowie im Fehlerfall die Gr\u00fcnde analysieren zu k\u00f6nnen. Die Logfiles werden jeweils nach 30 Tagen wieder gel\u00f6scht. Eine Weitergabe an Dritte erfolgt nicht. Dieses Internetangebot verwendet keine Techniken, die darauf abzielen, das Zugriffsverhalten einzelner Nutzer auszuwerten. Personenbezogene Nutzungsprofile werden nicht erstellt.<\/p>\n\n\n\n<p><strong>Kontaktaufnahme<\/strong><br>Bei der Kontaktaufnahme mit dem Anbieter (zum Beispiel per Kontaktformular oder E-Mail) werden die Angaben des Nutzers zwecks Bearbeitung der Anfrage sowie f\u00fcr den Fall, dass Anschlussfragen entstehen, gespeichert.<\/p>\n\n\n\n<p><strong>Auskunftsrechte<\/strong><br>Auskunftsrechte k\u00f6nnen schriftlich oder per E-Mail gegen\u00fcber den im Impressum genannten Stellen geltend gemacht werden. Dies gilt auch f\u00fcr Widerspr\u00fcche zu einer erteilten Einwilligungserkl\u00e4rung.<\/p>\n\n\n\n<p><strong>Verschl\u00fcsselung<\/strong><br>Dieses Angebot unterst\u00fctzt gegenw\u00e4rtig keine Datenverschl\u00fcsselung. Bei der \u00dcbertragung Ihrer Daten im Internet besteht daher die M\u00f6glichkeit, da\u00df diese durch Unbefugte zur Kenntnis genommen oder ver\u00e4ndert werden k\u00f6nnen.<\/p>\n","protected":false},"excerpt":{"rendered":"<p>Verantwortlich laut Telemediengesetz\/Diensteanbieter:Alice LeugermannEngelthaler Stra\u00dfe 16a60435 Frankfurt am Main Tel. 0174 3291434E-Mail:alice-leugermann@gmx.de Alle Angaben auf dieser Website wurden sorgf\u00e4ltig gepr\u00fcft. Der Betreiber \u00fcbernimmt&nbsp; jedoch keine Gew\u00e4hr f\u00fcr die Aktualit\u00e4t, Richtigkeit, Vollst\u00e4ndigkeit oder Qualit\u00e4t und jederzeitige Verf\u00fcgbarkeit der bereitgestellten Informationen. Dies gilt ebenso f\u00fcr die Verweise auf andere Internetseiten. Sie geben lediglich die Auffassungen und Erkenntnisse [&hellip;]<\/p>\n","protected":false},"author":1,"featured_media":0,"parent":0,"menu_order":0,"comment_status":"closed","ping_status":"closed","template":"","meta":{"footnotes":""},"class_list":["post-111","page","type-page","status-publish","hentry"],"yoast_head":"<!-- This site is optimized with the Yoast SEO plugin v27.4 - https:\/\/yoast.com\/product\/yoast-seo-wordpress\/ -->\n<title>Impressum\/Datenschutz - Ganzheitliches Ged\u00e4chtnistraining Frankfurt<\/title>\n<meta name=\"robots\" content=\"index, follow, max-snippet:-1, max-image-preview:large, max-video-preview:-1\" \/>\n<link rel=\"canonical\" href=\"https:\/\/grips-im-kopf.de\/?page_id=111\" \/>\n<meta property=\"og:locale\" content=\"de_DE\" \/>\n<meta property=\"og:type\" content=\"article\" \/>\n<meta property=\"og:title\" content=\"Impressum\/Datenschutz - Ganzheitliches Ged\u00e4chtnistraining Frankfurt\" \/>\n<meta property=\"og:description\" content=\"Verantwortlich laut Telemediengesetz\/Diensteanbieter:Alice LeugermannEngelthaler Stra\u00dfe 16a60435 Frankfurt am Main Tel. 0174 3291434E-Mail:alice-leugermann@gmx.de Alle Angaben auf dieser Website wurden sorgf\u00e4ltig gepr\u00fcft. Der Betreiber \u00fcbernimmt&nbsp; jedoch keine Gew\u00e4hr f\u00fcr die Aktualit\u00e4t, Richtigkeit, Vollst\u00e4ndigkeit oder Qualit\u00e4t und jederzeitige Verf\u00fcgbarkeit der bereitgestellten Informationen. Dies gilt ebenso f\u00fcr die Verweise auf andere Internetseiten. Sie geben lediglich die Auffassungen und Erkenntnisse [&hellip;]\" \/>\n<meta property=\"og:url\" content=\"https:\/\/grips-im-kopf.de\/?page_id=111\" \/>\n<meta property=\"og:site_name\" content=\"Ganzheitliches Ged\u00e4chtnistraining Frankfurt\" \/>\n<meta name=\"twitter:card\" content=\"summary_large_image\" \/>\n<meta name=\"twitter:label1\" content=\"Gesch\u00e4tzte Lesezeit\" \/>\n\t<meta name=\"twitter:data1\" content=\"2\u00a0Minuten\" \/>\n<script type=\"application\/ld+json\" class=\"yoast-schema-graph\">{\"@context\":\"https:\\\/\\\/schema.org\",\"@graph\":[{\"@type\":\"WebPage\",\"@id\":\"https:\\\/\\\/grips-im-kopf.de\\\/?page_id=111\",\"url\":\"https:\\\/\\\/grips-im-kopf.de\\\/?page_id=111\",\"name\":\"Impressum\\\/Datenschutz - Ganzheitliches Ged\u00e4chtnistraining Frankfurt\",\"isPartOf\":{\"@id\":\"https:\\\/\\\/grips-im-kopf.de\\\/#website\"},\"datePublished\":\"2021-03-23T19:49:08+00:00\",\"breadcrumb\":{\"@id\":\"https:\\\/\\\/grips-im-kopf.de\\\/?page_id=111#breadcrumb\"},\"inLanguage\":\"de\",\"potentialAction\":[{\"@type\":\"ReadAction\",\"target\":[\"https:\\\/\\\/grips-im-kopf.de\\\/?page_id=111\"]}]},{\"@type\":\"BreadcrumbList\",\"@id\":\"https:\\\/\\\/grips-im-kopf.de\\\/?page_id=111#breadcrumb\",\"itemListElement\":[{\"@type\":\"ListItem\",\"position\":1,\"name\":\"Startseite\",\"item\":\"https:\\\/\\\/grips-im-kopf.de\\\/\"},{\"@type\":\"ListItem\",\"position\":2,\"name\":\"Impressum\\\/Datenschutz\"}]},{\"@type\":\"WebSite\",\"@id\":\"https:\\\/\\\/grips-im-kopf.de\\\/#website\",\"url\":\"https:\\\/\\\/grips-im-kopf.de\\\/\",\"name\":\"Ganzheitliches Ged\u00e4chtnistraining Frankfurt\",\"description\":\"\",\"publisher\":{\"@id\":\"https:\\\/\\\/grips-im-kopf.de\\\/#organization\"},\"potentialAction\":[{\"@type\":\"SearchAction\",\"target\":{\"@type\":\"EntryPoint\",\"urlTemplate\":\"https:\\\/\\\/grips-im-kopf.de\\\/?s={search_term_string}\"},\"query-input\":{\"@type\":\"PropertyValueSpecification\",\"valueRequired\":true,\"valueName\":\"search_term_string\"}}],\"inLanguage\":\"de\"},{\"@type\":\"Organization\",\"@id\":\"https:\\\/\\\/grips-im-kopf.de\\\/#organization\",\"name\":\"Ganzheitliches Ged\u00e4chtnistraining Frankfurt\",\"url\":\"https:\\\/\\\/grips-im-kopf.de\\\/\",\"logo\":{\"@type\":\"ImageObject\",\"inLanguage\":\"de\",\"@id\":\"https:\\\/\\\/grips-im-kopf.de\\\/#\\\/schema\\\/logo\\\/image\\\/\",\"url\":\"https:\\\/\\\/grips-im-kopf.de\\\/wp-content\\\/uploads\\\/2021\\\/04\\\/GIK-animated-4.png\",\"contentUrl\":\"https:\\\/\\\/grips-im-kopf.de\\\/wp-content\\\/uploads\\\/2021\\\/04\\\/GIK-animated-4.png\",\"width\":398,\"height\":136,\"caption\":\"Ganzheitliches Ged\u00e4chtnistraining Frankfurt\"},\"image\":{\"@id\":\"https:\\\/\\\/grips-im-kopf.de\\\/#\\\/schema\\\/logo\\\/image\\\/\"}}]}<\/script>\n<!-- \/ Yoast SEO plugin. -->","yoast_head_json":{"title":"Impressum\/Datenschutz - Ganzheitliches Ged\u00e4chtnistraining Frankfurt","robots":{"index":"index","follow":"follow","max-snippet":"max-snippet:-1","max-image-preview":"max-image-preview:large","max-video-preview":"max-video-preview:-1"},"canonical":"https:\/\/grips-im-kopf.de\/?page_id=111","og_locale":"de_DE","og_type":"article","og_title":"Impressum\/Datenschutz - Ganzheitliches Ged\u00e4chtnistraining Frankfurt","og_description":"Verantwortlich laut Telemediengesetz\/Diensteanbieter:Alice LeugermannEngelthaler Stra\u00dfe 16a60435 Frankfurt am Main Tel. 0174 3291434E-Mail:alice-leugermann@gmx.de Alle Angaben auf dieser Website wurden sorgf\u00e4ltig gepr\u00fcft. Der Betreiber \u00fcbernimmt&nbsp; jedoch keine Gew\u00e4hr f\u00fcr die Aktualit\u00e4t, Richtigkeit, Vollst\u00e4ndigkeit oder Qualit\u00e4t und jederzeitige Verf\u00fcgbarkeit der bereitgestellten Informationen. Dies gilt ebenso f\u00fcr die Verweise auf andere Internetseiten. Sie geben lediglich die Auffassungen und Erkenntnisse [&hellip;]","og_url":"https:\/\/grips-im-kopf.de\/?page_id=111","og_site_name":"Ganzheitliches Ged\u00e4chtnistraining Frankfurt","twitter_card":"summary_large_image","twitter_misc":{"Gesch\u00e4tzte Lesezeit":"2\u00a0Minuten"},"schema":{"@context":"https:\/\/schema.org","@graph":[{"@type":"WebPage","@id":"https:\/\/grips-im-kopf.de\/?page_id=111","url":"https:\/\/grips-im-kopf.de\/?page_id=111","name":"Impressum\/Datenschutz - Ganzheitliches Ged\u00e4chtnistraining Frankfurt","isPartOf":{"@id":"https:\/\/grips-im-kopf.de\/#website"},"datePublished":"2021-03-23T19:49:08+00:00","breadcrumb":{"@id":"https:\/\/grips-im-kopf.de\/?page_id=111#breadcrumb"},"inLanguage":"de","potentialAction":[{"@type":"ReadAction","target":["https:\/\/grips-im-kopf.de\/?page_id=111"]}]},{"@type":"BreadcrumbList","@id":"https:\/\/grips-im-kopf.de\/?page_id=111#breadcrumb","itemListElement":[{"@type":"ListItem","position":1,"name":"Startseite","item":"https:\/\/grips-im-kopf.de\/"},{"@type":"ListItem","position":2,"name":"Impressum\/Datenschutz"}]},{"@type":"WebSite","@id":"https:\/\/grips-im-kopf.de\/#website","url":"https:\/\/grips-im-kopf.de\/","name":"Ganzheitliches Ged\u00e4chtnistraining Frankfurt","description":"","publisher":{"@id":"https:\/\/grips-im-kopf.de\/#organization"},"potentialAction":[{"@type":"SearchAction","target":{"@type":"EntryPoint","urlTemplate":"https:\/\/grips-im-kopf.de\/?s={search_term_string}"},"query-input":{"@type":"PropertyValueSpecification","valueRequired":true,"valueName":"search_term_string"}}],"inLanguage":"de"},{"@type":"Organization","@id":"https:\/\/grips-im-kopf.de\/#organization","name":"Ganzheitliches Ged\u00e4chtnistraining Frankfurt","url":"https:\/\/grips-im-kopf.de\/","logo":{"@type":"ImageObject","inLanguage":"de","@id":"https:\/\/grips-im-kopf.de\/#\/schema\/logo\/image\/","url":"https:\/\/grips-im-kopf.de\/wp-content\/uploads\/2021\/04\/GIK-animated-4.png","contentUrl":"https:\/\/grips-im-kopf.de\/wp-content\/uploads\/2021\/04\/GIK-animated-4.png","width":398,"height":136,"caption":"Ganzheitliches Ged\u00e4chtnistraining Frankfurt"},"image":{"@id":"https:\/\/grips-im-kopf.de\/#\/schema\/logo\/image\/"}}]}},"_links":{"self":[{"href":"https:\/\/grips-im-kopf.de\/index.php?rest_route=\/wp\/v2\/pages\/111","targetHints":{"allow":["GET"]}}],"collection":[{"href":"https:\/\/grips-im-kopf.de\/index.php?rest_route=\/wp\/v2\/pages"}],"about":[{"href":"https:\/\/grips-im-kopf.de\/index.php?rest_route=\/wp\/v2\/types\/page"}],"author":[{"embeddable":true,"href":"https:\/\/grips-im-kopf.de\/index.php?rest_route=\/wp\/v2\/users\/1"}],"replies":[{"embeddable":true,"href":"https:\/\/grips-im-kopf.de\/index.php?rest_route=%2Fwp%2Fv2%2Fcomments&post=111"}],"version-history":[{"count":2,"href":"https:\/\/grips-im-kopf.de\/index.php?rest_route=\/wp\/v2\/pages\/111\/revisions"}],"predecessor-version":[{"id":113,"href":"https:\/\/grips-im-kopf.de\/index.php?rest_route=\/wp\/v2\/pages\/111\/revisions\/113"}],"wp:attachment":[{"href":"https:\/\/grips-im-kopf.de\/index.php?rest_route=%2Fwp%2Fv2%2Fmedia&parent=111"}],"curies":[{"name":"wp","href":"https:\/\/api.w.org\/{rel}","templated":true}]}}