{"id":210,"date":"2021-04-29T19:34:50","date_gmt":"2021-04-29T17:34:50","guid":{"rendered":"http:\/\/grips-im-kopf.de\/?page_id=210"},"modified":"2024-04-17T21:21:40","modified_gmt":"2024-04-17T19:21:40","slug":"gedaechtnistraining-bei-post-covid-syndrom","status":"publish","type":"page","link":"https:\/\/grips-im-kopf.de\/?page_id=210","title":{"rendered":"Ged\u00e4chtnistraining bei Post-Covid-Syndrom"},"content":{"rendered":"\n<p>Bei einigen Menschen treten als Langzeitfolgen der Corona Infektion kognitive Beeintr\u00e4chtigungen auf wie Konzentrationsprobleme, Vergesslichkeit, Sprachschwierigkeiten sowie Probleme beim Erfassen des Inhalts von Texten. Ich biete Ihnen ein individuelles Training dieser Bereiche an.<\/p>\n\n\n\n<p>Wir arbeiten zielgerichtet und Sie erhalten Aufgaben, die Sie auch zu Hause durchf\u00fchren k\u00f6nnen. Das Training wird erg\u00e4nzt durch Bewegungs\u00fcbungen aus der Life Kinetik, die das Zusammenspiel beider Gehirnh\u00e4lften aktivieren.<\/p>\n\n\n\n<p><\/p>\n\n\n\n<p><\/p>\n","protected":false},"excerpt":{"rendered":"<p>Bei einigen Menschen treten als Langzeitfolgen der Corona Infektion kognitive Beeintr\u00e4chtigungen auf wie Konzentrationsprobleme, Vergesslichkeit, Sprachschwierigkeiten sowie Probleme beim Erfassen des Inhalts von Texten. Ich biete Ihnen ein individuelles Training dieser Bereiche an. Wir arbeiten zielgerichtet und Sie erhalten Aufgaben, die Sie auch zu Hause durchf\u00fchren k\u00f6nnen. Das Training wird erg\u00e4nzt durch Bewegungs\u00fcbungen aus der [&hellip;]<\/p>\n","protected":false},"author":1,"featured_media":209,"parent":0,"menu_order":0,"comment_status":"closed","ping_status":"closed","template":"","meta":{"footnotes":""},"class_list":["post-210","page","type-page","status-publish","has-post-thumbnail","hentry"],"yoast_head":"<!-- This site is optimized with the Yoast SEO plugin v27.4 - https:\/\/yoast.com\/product\/yoast-seo-wordpress\/ -->\n<title>Ged\u00e4chtnistraining bei Post-Covid-Syndrom - Ganzheitliches Ged\u00e4chtnistraining Frankfurt<\/title>\n<meta name=\"description\" content=\"Bei einingen Menschen treten als Langzeitfolgen der Corona Infektion kognitive Beeintr\u00e4chtigungen auf, Ged\u00e4chtnistraining kann helfen.\" \/>\n<meta name=\"robots\" content=\"index, follow, max-snippet:-1, max-image-preview:large, max-video-preview:-1\" \/>\n<link rel=\"canonical\" href=\"https:\/\/grips-im-kopf.de\/?page_id=210\" \/>\n<meta property=\"og:locale\" content=\"de_DE\" \/>\n<meta property=\"og:type\" content=\"article\" \/>\n<meta property=\"og:title\" content=\"Ged\u00e4chtnistraining bei Post-Covid-Syndrom - Ganzheitliches Ged\u00e4chtnistraining Frankfurt\" \/>\n<meta property=\"og:description\" content=\"Bei einingen Menschen treten als Langzeitfolgen der Corona Infektion kognitive Beeintr\u00e4chtigungen auf, Ged\u00e4chtnistraining kann helfen.\" \/>\n<meta property=\"og:url\" content=\"https:\/\/grips-im-kopf.de\/?page_id=210\" \/>\n<meta property=\"og:site_name\" content=\"Ganzheitliches Ged\u00e4chtnistraining Frankfurt\" \/>\n<meta property=\"article:modified_time\" content=\"2024-04-17T19:21:40+00:00\" \/>\n<meta property=\"og:image\" content=\"https:\/\/grips-im-kopf.de\/wp-content\/uploads\/2021\/04\/man-4957154_1920.jpg\" \/>\n\t<meta property=\"og:image:width\" content=\"1920\" \/>\n\t<meta property=\"og:image:height\" content=\"1097\" \/>\n\t<meta property=\"og:image:type\" content=\"image\/jpeg\" \/>\n<meta name=\"twitter:card\" content=\"summary_large_image\" \/>\n<meta name=\"twitter:label1\" content=\"Gesch\u00e4tzte Lesezeit\" \/>\n\t<meta name=\"twitter:data1\" content=\"1\u00a0Minute\" \/>\n<script type=\"application\/ld+json\" class=\"yoast-schema-graph\">{\"@context\":\"https:\\\/\\\/schema.org\",\"@graph\":[{\"@type\":\"WebPage\",\"@id\":\"https:\\\/\\\/grips-im-kopf.de\\\/?page_id=210\",\"url\":\"https:\\\/\\\/grips-im-kopf.de\\\/?page_id=210\",\"name\":\"Ged\u00e4chtnistraining bei Post-Covid-Syndrom - Ganzheitliches Ged\u00e4chtnistraining Frankfurt\",\"isPartOf\":{\"@id\":\"https:\\\/\\\/grips-im-kopf.de\\\/#website\"},\"primaryImageOfPage\":{\"@id\":\"https:\\\/\\\/grips-im-kopf.de\\\/?page_id=210#primaryimage\"},\"image\":{\"@id\":\"https:\\\/\\\/grips-im-kopf.de\\\/?page_id=210#primaryimage\"},\"thumbnailUrl\":\"https:\\\/\\\/grips-im-kopf.de\\\/wp-content\\\/uploads\\\/2021\\\/04\\\/man-4957154_1920.jpg\",\"datePublished\":\"2021-04-29T17:34:50+00:00\",\"dateModified\":\"2024-04-17T19:21:40+00:00\",\"description\":\"Bei einingen Menschen treten als Langzeitfolgen der Corona Infektion kognitive Beeintr\u00e4chtigungen auf, Ged\u00e4chtnistraining kann helfen.\",\"breadcrumb\":{\"@id\":\"https:\\\/\\\/grips-im-kopf.de\\\/?page_id=210#breadcrumb\"},\"inLanguage\":\"de\",\"potentialAction\":[{\"@type\":\"ReadAction\",\"target\":[\"https:\\\/\\\/grips-im-kopf.de\\\/?page_id=210\"]}]},{\"@type\":\"ImageObject\",\"inLanguage\":\"de\",\"@id\":\"https:\\\/\\\/grips-im-kopf.de\\\/?page_id=210#primaryimage\",\"url\":\"https:\\\/\\\/grips-im-kopf.de\\\/wp-content\\\/uploads\\\/2021\\\/04\\\/man-4957154_1920.jpg\",\"contentUrl\":\"https:\\\/\\\/grips-im-kopf.de\\\/wp-content\\\/uploads\\\/2021\\\/04\\\/man-4957154_1920.jpg\",\"width\":1920,\"height\":1097},{\"@type\":\"BreadcrumbList\",\"@id\":\"https:\\\/\\\/grips-im-kopf.de\\\/?page_id=210#breadcrumb\",\"itemListElement\":[{\"@type\":\"ListItem\",\"position\":1,\"name\":\"Startseite\",\"item\":\"https:\\\/\\\/grips-im-kopf.de\\\/\"},{\"@type\":\"ListItem\",\"position\":2,\"name\":\"Ged\u00e4chtnistraining bei Post-Covid-Syndrom\"}]},{\"@type\":\"WebSite\",\"@id\":\"https:\\\/\\\/grips-im-kopf.de\\\/#website\",\"url\":\"https:\\\/\\\/grips-im-kopf.de\\\/\",\"name\":\"Ganzheitliches Ged\u00e4chtnistraining Frankfurt\",\"description\":\"\",\"publisher\":{\"@id\":\"https:\\\/\\\/grips-im-kopf.de\\\/#organization\"},\"potentialAction\":[{\"@type\":\"SearchAction\",\"target\":{\"@type\":\"EntryPoint\",\"urlTemplate\":\"https:\\\/\\\/grips-im-kopf.de\\\/?s={search_term_string}\"},\"query-input\":{\"@type\":\"PropertyValueSpecification\",\"valueRequired\":true,\"valueName\":\"search_term_string\"}}],\"inLanguage\":\"de\"},{\"@type\":\"Organization\",\"@id\":\"https:\\\/\\\/grips-im-kopf.de\\\/#organization\",\"name\":\"Ganzheitliches Ged\u00e4chtnistraining Frankfurt\",\"url\":\"https:\\\/\\\/grips-im-kopf.de\\\/\",\"logo\":{\"@type\":\"ImageObject\",\"inLanguage\":\"de\",\"@id\":\"https:\\\/\\\/grips-im-kopf.de\\\/#\\\/schema\\\/logo\\\/image\\\/\",\"url\":\"https:\\\/\\\/grips-im-kopf.de\\\/wp-content\\\/uploads\\\/2021\\\/04\\\/GIK-animated-4.png\",\"contentUrl\":\"https:\\\/\\\/grips-im-kopf.de\\\/wp-content\\\/uploads\\\/2021\\\/04\\\/GIK-animated-4.png\",\"width\":398,\"height\":136,\"caption\":\"Ganzheitliches Ged\u00e4chtnistraining Frankfurt\"},\"image\":{\"@id\":\"https:\\\/\\\/grips-im-kopf.de\\\/#\\\/schema\\\/logo\\\/image\\\/\"}}]}<\/script>\n<!-- \/ Yoast SEO plugin. -->","yoast_head_json":{"title":"Ged\u00e4chtnistraining bei Post-Covid-Syndrom - Ganzheitliches Ged\u00e4chtnistraining Frankfurt","description":"Bei einingen Menschen treten als Langzeitfolgen der Corona Infektion kognitive Beeintr\u00e4chtigungen auf, Ged\u00e4chtnistraining kann helfen.","robots":{"index":"index","follow":"follow","max-snippet":"max-snippet:-1","max-image-preview":"max-image-preview:large","max-video-preview":"max-video-preview:-1"},"canonical":"https:\/\/grips-im-kopf.de\/?page_id=210","og_locale":"de_DE","og_type":"article","og_title":"Ged\u00e4chtnistraining bei Post-Covid-Syndrom - Ganzheitliches Ged\u00e4chtnistraining Frankfurt","og_description":"Bei einingen Menschen treten als Langzeitfolgen der Corona Infektion kognitive Beeintr\u00e4chtigungen auf, Ged\u00e4chtnistraining kann helfen.","og_url":"https:\/\/grips-im-kopf.de\/?page_id=210","og_site_name":"Ganzheitliches Ged\u00e4chtnistraining Frankfurt","article_modified_time":"2024-04-17T19:21:40+00:00","og_image":[{"width":1920,"height":1097,"url":"https:\/\/grips-im-kopf.de\/wp-content\/uploads\/2021\/04\/man-4957154_1920.jpg","type":"image\/jpeg"}],"twitter_card":"summary_large_image","twitter_misc":{"Gesch\u00e4tzte Lesezeit":"1\u00a0Minute"},"schema":{"@context":"https:\/\/schema.org","@graph":[{"@type":"WebPage","@id":"https:\/\/grips-im-kopf.de\/?page_id=210","url":"https:\/\/grips-im-kopf.de\/?page_id=210","name":"Ged\u00e4chtnistraining bei Post-Covid-Syndrom - Ganzheitliches Ged\u00e4chtnistraining Frankfurt","isPartOf":{"@id":"https:\/\/grips-im-kopf.de\/#website"},"primaryImageOfPage":{"@id":"https:\/\/grips-im-kopf.de\/?page_id=210#primaryimage"},"image":{"@id":"https:\/\/grips-im-kopf.de\/?page_id=210#primaryimage"},"thumbnailUrl":"https:\/\/grips-im-kopf.de\/wp-content\/uploads\/2021\/04\/man-4957154_1920.jpg","datePublished":"2021-04-29T17:34:50+00:00","dateModified":"2024-04-17T19:21:40+00:00","description":"Bei einingen Menschen treten als Langzeitfolgen der Corona Infektion kognitive Beeintr\u00e4chtigungen auf, Ged\u00e4chtnistraining kann helfen.","breadcrumb":{"@id":"https:\/\/grips-im-kopf.de\/?page_id=210#breadcrumb"},"inLanguage":"de","potentialAction":[{"@type":"ReadAction","target":["https:\/\/grips-im-kopf.de\/?page_id=210"]}]},{"@type":"ImageObject","inLanguage":"de","@id":"https:\/\/grips-im-kopf.de\/?page_id=210#primaryimage","url":"https:\/\/grips-im-kopf.de\/wp-content\/uploads\/2021\/04\/man-4957154_1920.jpg","contentUrl":"https:\/\/grips-im-kopf.de\/wp-content\/uploads\/2021\/04\/man-4957154_1920.jpg","width":1920,"height":1097},{"@type":"BreadcrumbList","@id":"https:\/\/grips-im-kopf.de\/?page_id=210#breadcrumb","itemListElement":[{"@type":"ListItem","position":1,"name":"Startseite","item":"https:\/\/grips-im-kopf.de\/"},{"@type":"ListItem","position":2,"name":"Ged\u00e4chtnistraining bei Post-Covid-Syndrom"}]},{"@type":"WebSite","@id":"https:\/\/grips-im-kopf.de\/#website","url":"https:\/\/grips-im-kopf.de\/","name":"Ganzheitliches Ged\u00e4chtnistraining Frankfurt","description":"","publisher":{"@id":"https:\/\/grips-im-kopf.de\/#organization"},"potentialAction":[{"@type":"SearchAction","target":{"@type":"EntryPoint","urlTemplate":"https:\/\/grips-im-kopf.de\/?s={search_term_string}"},"query-input":{"@type":"PropertyValueSpecification","valueRequired":true,"valueName":"search_term_string"}}],"inLanguage":"de"},{"@type":"Organization","@id":"https:\/\/grips-im-kopf.de\/#organization","name":"Ganzheitliches Ged\u00e4chtnistraining Frankfurt","url":"https:\/\/grips-im-kopf.de\/","logo":{"@type":"ImageObject","inLanguage":"de","@id":"https:\/\/grips-im-kopf.de\/#\/schema\/logo\/image\/","url":"https:\/\/grips-im-kopf.de\/wp-content\/uploads\/2021\/04\/GIK-animated-4.png","contentUrl":"https:\/\/grips-im-kopf.de\/wp-content\/uploads\/2021\/04\/GIK-animated-4.png","width":398,"height":136,"caption":"Ganzheitliches Ged\u00e4chtnistraining Frankfurt"},"image":{"@id":"https:\/\/grips-im-kopf.de\/#\/schema\/logo\/image\/"}}]}},"_links":{"self":[{"href":"https:\/\/grips-im-kopf.de\/index.php?rest_route=\/wp\/v2\/pages\/210","targetHints":{"allow":["GET"]}}],"collection":[{"href":"https:\/\/grips-im-kopf.de\/index.php?rest_route=\/wp\/v2\/pages"}],"about":[{"href":"https:\/\/grips-im-kopf.de\/index.php?rest_route=\/wp\/v2\/types\/page"}],"author":[{"embeddable":true,"href":"https:\/\/grips-im-kopf.de\/index.php?rest_route=\/wp\/v2\/users\/1"}],"replies":[{"embeddable":true,"href":"https:\/\/grips-im-kopf.de\/index.php?rest_route=%2Fwp%2Fv2%2Fcomments&post=210"}],"version-history":[{"count":9,"href":"https:\/\/grips-im-kopf.de\/index.php?rest_route=\/wp\/v2\/pages\/210\/revisions"}],"predecessor-version":[{"id":276,"href":"https:\/\/grips-im-kopf.de\/index.php?rest_route=\/wp\/v2\/pages\/210\/revisions\/276"}],"wp:featuredmedia":[{"embeddable":true,"href":"https:\/\/grips-im-kopf.de\/index.php?rest_route=\/wp\/v2\/media\/209"}],"wp:attachment":[{"href":"https:\/\/grips-im-kopf.de\/index.php?rest_route=%2Fwp%2Fv2%2Fmedia&parent=210"}],"curies":[{"name":"wp","href":"https:\/\/api.w.org\/{rel}","templated":true}]}}