{"id":254,"date":"2022-06-22T18:32:40","date_gmt":"2022-06-22T16:32:40","guid":{"rendered":"http:\/\/grips-im-kopf.de\/?page_id=254"},"modified":"2022-06-22T20:59:26","modified_gmt":"2022-06-22T18:59:26","slug":"ganzheitliches-gedaechnistraining-fuer-unternehmen-merkfaehigkeit-steigern-konzentration-verbessern","status":"publish","type":"page","link":"https:\/\/grips-im-kopf.de\/?page_id=254","title":{"rendered":"Ged\u00e4chtnistraining f\u00fcr Unternehmen"},"content":{"rendered":"\n<p><\/p>\n\n\n\n<figure class=\"wp-block-image size-large\"><img loading=\"lazy\" decoding=\"async\" width=\"1024\" height=\"640\" src=\"http:\/\/grips-im-kopf.de\/wp-content\/uploads\/2022\/06\/meeting-g7bc386130_1280-1024x640.jpg\" alt=\"\" class=\"wp-image-256\" srcset=\"https:\/\/grips-im-kopf.de\/wp-content\/uploads\/2022\/06\/meeting-g7bc386130_1280-1024x640.jpg 1024w, https:\/\/grips-im-kopf.de\/wp-content\/uploads\/2022\/06\/meeting-g7bc386130_1280-300x188.jpg 300w, https:\/\/grips-im-kopf.de\/wp-content\/uploads\/2022\/06\/meeting-g7bc386130_1280-768x480.jpg 768w, https:\/\/grips-im-kopf.de\/wp-content\/uploads\/2022\/06\/meeting-g7bc386130_1280-1200x750.jpg 1200w, https:\/\/grips-im-kopf.de\/wp-content\/uploads\/2022\/06\/meeting-g7bc386130_1280.jpg 1280w\" sizes=\"auto, (max-width: 1024px) 100vw, 1024px\" \/><\/figure>\n\n\n\n<p>Die n\u00e4chste Pr\u00e4sentation steht an. Nur nicht den Faden verlieren, nichts vergessen und am besten frei sprechen &#8211; das kann Ihnen mit Mnemotechniken gelingen.<\/p>\n\n\n\n<p>Bessere Konzentration bei der Arbeit trotz Unterbrechungen, Telefonaten Mails &#8211; die Konzentration l\u00e4sst sich trainieren.<\/p>\n\n\n\n<p>Die F\u00e4higkeit zur Kreativit\u00e4t wird immer wichtiger, wenn es um L\u00f6sungen komplexer Probleme geht. Einfach einmal anders herum Denken \u2013 Kreativit\u00e4t und die F\u00e4higkeit zur Visualisierung lassen sich trainieren.<\/p>\n\n\n\n<p>Nicht zuletzt kann auch das Merken von Namen mit verschiedenen Techniken des Ged\u00e4chtnistrainings verbessert werden.<\/p>\n\n\n\n<p>Diese Ged\u00e4chtnistraining Kurse richten sich an Mitarbeiter von Unternehmen. Ich gestalte die Kurse nach Ihren W\u00fcnschen und den Schwerpunkten, die Sie setzen wollen.<\/p>\n","protected":false},"excerpt":{"rendered":"<p>Die n\u00e4chste Pr\u00e4sentation steht an. Nur nicht den Faden verlieren, nichts vergessen und am besten frei sprechen &#8211; das kann Ihnen mit Mnemotechniken gelingen. Bessere Konzentration bei der Arbeit trotz Unterbrechungen, Telefonaten Mails &#8211; die Konzentration l\u00e4sst sich trainieren. Die F\u00e4higkeit zur Kreativit\u00e4t wird immer wichtiger, wenn es um L\u00f6sungen komplexer Probleme geht. Einfach einmal [&hellip;]<\/p>\n","protected":false},"author":1,"featured_media":0,"parent":0,"menu_order":0,"comment_status":"closed","ping_status":"closed","template":"","meta":{"footnotes":""},"class_list":["post-254","page","type-page","status-publish","hentry"],"yoast_head":"<!-- This site is optimized with the Yoast SEO plugin v27.4 - https:\/\/yoast.com\/product\/yoast-seo-wordpress\/ -->\n<title>Ged\u00e4chtnistraining f\u00fcr Unternehmen - Ganzheitliches Ged\u00e4chtnistraining Frankfurt<\/title>\n<meta name=\"description\" content=\"Mit Ged\u00e4chtnistraining steigern Sie ihre Merkf\u00e4higkeit, Kreativit\u00e4t und Konzentration. Massgeschneiterte Seminare, die Spa\u00df machen und Anregungen f\u00fcr das t\u00e4gliche Ged\u00e4chtnistraining bieten. Ganzheitliches Ged\u00e4chtnistraining Frankfurt Ged\u00e4chtnistraining f\u00fcr Unternehmen %\" \/>\n<meta name=\"robots\" content=\"index, follow, max-snippet:-1, max-image-preview:large, max-video-preview:-1\" \/>\n<link rel=\"canonical\" href=\"https:\/\/grips-im-kopf.de\/?page_id=254\" \/>\n<meta property=\"og:locale\" content=\"de_DE\" \/>\n<meta property=\"og:type\" content=\"article\" \/>\n<meta property=\"og:title\" content=\"Ged\u00e4chtnistraining f\u00fcr Unternehmen - Ganzheitliches Ged\u00e4chtnistraining Frankfurt\" \/>\n<meta property=\"og:description\" content=\"Mit Ged\u00e4chtnistraining steigern Sie ihre Merkf\u00e4higkeit, Kreativit\u00e4t und Konzentration. Massgeschneiterte Seminare, die Spa\u00df machen und Anregungen f\u00fcr das t\u00e4gliche Ged\u00e4chtnistraining bieten. Ganzheitliches Ged\u00e4chtnistraining Frankfurt Ged\u00e4chtnistraining f\u00fcr Unternehmen %\" \/>\n<meta property=\"og:url\" content=\"https:\/\/grips-im-kopf.de\/?page_id=254\" \/>\n<meta property=\"og:site_name\" content=\"Ganzheitliches Ged\u00e4chtnistraining Frankfurt\" \/>\n<meta property=\"article:modified_time\" content=\"2022-06-22T18:59:26+00:00\" \/>\n<meta property=\"og:image\" content=\"http:\/\/grips-im-kopf.de\/wp-content\/uploads\/2022\/06\/meeting-g7bc386130_1280-1024x640.jpg\" \/>\n<meta name=\"twitter:card\" content=\"summary_large_image\" \/>\n<meta name=\"twitter:label1\" content=\"Gesch\u00e4tzte Lesezeit\" \/>\n\t<meta name=\"twitter:data1\" content=\"1\u00a0Minute\" \/>\n<script type=\"application\/ld+json\" class=\"yoast-schema-graph\">{\"@context\":\"https:\\\/\\\/schema.org\",\"@graph\":[{\"@type\":\"WebPage\",\"@id\":\"https:\\\/\\\/grips-im-kopf.de\\\/?page_id=254\",\"url\":\"https:\\\/\\\/grips-im-kopf.de\\\/?page_id=254\",\"name\":\"Ged\u00e4chtnistraining f\u00fcr Unternehmen - Ganzheitliches Ged\u00e4chtnistraining Frankfurt\",\"isPartOf\":{\"@id\":\"https:\\\/\\\/grips-im-kopf.de\\\/#website\"},\"primaryImageOfPage\":{\"@id\":\"https:\\\/\\\/grips-im-kopf.de\\\/?page_id=254#primaryimage\"},\"image\":{\"@id\":\"https:\\\/\\\/grips-im-kopf.de\\\/?page_id=254#primaryimage\"},\"thumbnailUrl\":\"http:\\\/\\\/grips-im-kopf.de\\\/wp-content\\\/uploads\\\/2022\\\/06\\\/meeting-g7bc386130_1280-1024x640.jpg\",\"datePublished\":\"2022-06-22T16:32:40+00:00\",\"dateModified\":\"2022-06-22T18:59:26+00:00\",\"description\":\"Mit Ged\u00e4chtnistraining steigern Sie ihre Merkf\u00e4higkeit, Kreativit\u00e4t und Konzentration. Massgeschneiterte Seminare, die Spa\u00df machen und Anregungen f\u00fcr das t\u00e4gliche Ged\u00e4chtnistraining bieten. Ganzheitliches Ged\u00e4chtnistraining Frankfurt Ged\u00e4chtnistraining f\u00fcr Unternehmen %\",\"breadcrumb\":{\"@id\":\"https:\\\/\\\/grips-im-kopf.de\\\/?page_id=254#breadcrumb\"},\"inLanguage\":\"de\",\"potentialAction\":[{\"@type\":\"ReadAction\",\"target\":[\"https:\\\/\\\/grips-im-kopf.de\\\/?page_id=254\"]}]},{\"@type\":\"ImageObject\",\"inLanguage\":\"de\",\"@id\":\"https:\\\/\\\/grips-im-kopf.de\\\/?page_id=254#primaryimage\",\"url\":\"https:\\\/\\\/grips-im-kopf.de\\\/wp-content\\\/uploads\\\/2022\\\/06\\\/meeting-g7bc386130_1280.jpg\",\"contentUrl\":\"https:\\\/\\\/grips-im-kopf.de\\\/wp-content\\\/uploads\\\/2022\\\/06\\\/meeting-g7bc386130_1280.jpg\",\"width\":1280,\"height\":800},{\"@type\":\"BreadcrumbList\",\"@id\":\"https:\\\/\\\/grips-im-kopf.de\\\/?page_id=254#breadcrumb\",\"itemListElement\":[{\"@type\":\"ListItem\",\"position\":1,\"name\":\"Startseite\",\"item\":\"https:\\\/\\\/grips-im-kopf.de\\\/\"},{\"@type\":\"ListItem\",\"position\":2,\"name\":\"Ged\u00e4chtnistraining f\u00fcr Unternehmen\"}]},{\"@type\":\"WebSite\",\"@id\":\"https:\\\/\\\/grips-im-kopf.de\\\/#website\",\"url\":\"https:\\\/\\\/grips-im-kopf.de\\\/\",\"name\":\"Ganzheitliches Ged\u00e4chtnistraining Frankfurt\",\"description\":\"\",\"publisher\":{\"@id\":\"https:\\\/\\\/grips-im-kopf.de\\\/#organization\"},\"potentialAction\":[{\"@type\":\"SearchAction\",\"target\":{\"@type\":\"EntryPoint\",\"urlTemplate\":\"https:\\\/\\\/grips-im-kopf.de\\\/?s={search_term_string}\"},\"query-input\":{\"@type\":\"PropertyValueSpecification\",\"valueRequired\":true,\"valueName\":\"search_term_string\"}}],\"inLanguage\":\"de\"},{\"@type\":\"Organization\",\"@id\":\"https:\\\/\\\/grips-im-kopf.de\\\/#organization\",\"name\":\"Ganzheitliches Ged\u00e4chtnistraining Frankfurt\",\"url\":\"https:\\\/\\\/grips-im-kopf.de\\\/\",\"logo\":{\"@type\":\"ImageObject\",\"inLanguage\":\"de\",\"@id\":\"https:\\\/\\\/grips-im-kopf.de\\\/#\\\/schema\\\/logo\\\/image\\\/\",\"url\":\"https:\\\/\\\/grips-im-kopf.de\\\/wp-content\\\/uploads\\\/2021\\\/04\\\/GIK-animated-4.png\",\"contentUrl\":\"https:\\\/\\\/grips-im-kopf.de\\\/wp-content\\\/uploads\\\/2021\\\/04\\\/GIK-animated-4.png\",\"width\":398,\"height\":136,\"caption\":\"Ganzheitliches Ged\u00e4chtnistraining Frankfurt\"},\"image\":{\"@id\":\"https:\\\/\\\/grips-im-kopf.de\\\/#\\\/schema\\\/logo\\\/image\\\/\"}}]}<\/script>\n<!-- \/ Yoast SEO plugin. -->","yoast_head_json":{"title":"Ged\u00e4chtnistraining f\u00fcr Unternehmen - Ganzheitliches Ged\u00e4chtnistraining Frankfurt","description":"Mit Ged\u00e4chtnistraining steigern Sie ihre Merkf\u00e4higkeit, Kreativit\u00e4t und Konzentration. Massgeschneiterte Seminare, die Spa\u00df machen und Anregungen f\u00fcr das t\u00e4gliche Ged\u00e4chtnistraining bieten. Ganzheitliches Ged\u00e4chtnistraining Frankfurt Ged\u00e4chtnistraining f\u00fcr Unternehmen %","robots":{"index":"index","follow":"follow","max-snippet":"max-snippet:-1","max-image-preview":"max-image-preview:large","max-video-preview":"max-video-preview:-1"},"canonical":"https:\/\/grips-im-kopf.de\/?page_id=254","og_locale":"de_DE","og_type":"article","og_title":"Ged\u00e4chtnistraining f\u00fcr Unternehmen - Ganzheitliches Ged\u00e4chtnistraining Frankfurt","og_description":"Mit Ged\u00e4chtnistraining steigern Sie ihre Merkf\u00e4higkeit, Kreativit\u00e4t und Konzentration. Massgeschneiterte Seminare, die Spa\u00df machen und Anregungen f\u00fcr das t\u00e4gliche Ged\u00e4chtnistraining bieten. Ganzheitliches Ged\u00e4chtnistraining Frankfurt Ged\u00e4chtnistraining f\u00fcr Unternehmen %","og_url":"https:\/\/grips-im-kopf.de\/?page_id=254","og_site_name":"Ganzheitliches Ged\u00e4chtnistraining Frankfurt","article_modified_time":"2022-06-22T18:59:26+00:00","og_image":[{"url":"http:\/\/grips-im-kopf.de\/wp-content\/uploads\/2022\/06\/meeting-g7bc386130_1280-1024x640.jpg","type":"","width":"","height":""}],"twitter_card":"summary_large_image","twitter_misc":{"Gesch\u00e4tzte Lesezeit":"1\u00a0Minute"},"schema":{"@context":"https:\/\/schema.org","@graph":[{"@type":"WebPage","@id":"https:\/\/grips-im-kopf.de\/?page_id=254","url":"https:\/\/grips-im-kopf.de\/?page_id=254","name":"Ged\u00e4chtnistraining f\u00fcr Unternehmen - Ganzheitliches Ged\u00e4chtnistraining Frankfurt","isPartOf":{"@id":"https:\/\/grips-im-kopf.de\/#website"},"primaryImageOfPage":{"@id":"https:\/\/grips-im-kopf.de\/?page_id=254#primaryimage"},"image":{"@id":"https:\/\/grips-im-kopf.de\/?page_id=254#primaryimage"},"thumbnailUrl":"http:\/\/grips-im-kopf.de\/wp-content\/uploads\/2022\/06\/meeting-g7bc386130_1280-1024x640.jpg","datePublished":"2022-06-22T16:32:40+00:00","dateModified":"2022-06-22T18:59:26+00:00","description":"Mit Ged\u00e4chtnistraining steigern Sie ihre Merkf\u00e4higkeit, Kreativit\u00e4t und Konzentration. Massgeschneiterte Seminare, die Spa\u00df machen und Anregungen f\u00fcr das t\u00e4gliche Ged\u00e4chtnistraining bieten. Ganzheitliches Ged\u00e4chtnistraining Frankfurt Ged\u00e4chtnistraining f\u00fcr Unternehmen %","breadcrumb":{"@id":"https:\/\/grips-im-kopf.de\/?page_id=254#breadcrumb"},"inLanguage":"de","potentialAction":[{"@type":"ReadAction","target":["https:\/\/grips-im-kopf.de\/?page_id=254"]}]},{"@type":"ImageObject","inLanguage":"de","@id":"https:\/\/grips-im-kopf.de\/?page_id=254#primaryimage","url":"https:\/\/grips-im-kopf.de\/wp-content\/uploads\/2022\/06\/meeting-g7bc386130_1280.jpg","contentUrl":"https:\/\/grips-im-kopf.de\/wp-content\/uploads\/2022\/06\/meeting-g7bc386130_1280.jpg","width":1280,"height":800},{"@type":"BreadcrumbList","@id":"https:\/\/grips-im-kopf.de\/?page_id=254#breadcrumb","itemListElement":[{"@type":"ListItem","position":1,"name":"Startseite","item":"https:\/\/grips-im-kopf.de\/"},{"@type":"ListItem","position":2,"name":"Ged\u00e4chtnistraining f\u00fcr Unternehmen"}]},{"@type":"WebSite","@id":"https:\/\/grips-im-kopf.de\/#website","url":"https:\/\/grips-im-kopf.de\/","name":"Ganzheitliches Ged\u00e4chtnistraining Frankfurt","description":"","publisher":{"@id":"https:\/\/grips-im-kopf.de\/#organization"},"potentialAction":[{"@type":"SearchAction","target":{"@type":"EntryPoint","urlTemplate":"https:\/\/grips-im-kopf.de\/?s={search_term_string}"},"query-input":{"@type":"PropertyValueSpecification","valueRequired":true,"valueName":"search_term_string"}}],"inLanguage":"de"},{"@type":"Organization","@id":"https:\/\/grips-im-kopf.de\/#organization","name":"Ganzheitliches Ged\u00e4chtnistraining Frankfurt","url":"https:\/\/grips-im-kopf.de\/","logo":{"@type":"ImageObject","inLanguage":"de","@id":"https:\/\/grips-im-kopf.de\/#\/schema\/logo\/image\/","url":"https:\/\/grips-im-kopf.de\/wp-content\/uploads\/2021\/04\/GIK-animated-4.png","contentUrl":"https:\/\/grips-im-kopf.de\/wp-content\/uploads\/2021\/04\/GIK-animated-4.png","width":398,"height":136,"caption":"Ganzheitliches Ged\u00e4chtnistraining Frankfurt"},"image":{"@id":"https:\/\/grips-im-kopf.de\/#\/schema\/logo\/image\/"}}]}},"_links":{"self":[{"href":"https:\/\/grips-im-kopf.de\/index.php?rest_route=\/wp\/v2\/pages\/254","targetHints":{"allow":["GET"]}}],"collection":[{"href":"https:\/\/grips-im-kopf.de\/index.php?rest_route=\/wp\/v2\/pages"}],"about":[{"href":"https:\/\/grips-im-kopf.de\/index.php?rest_route=\/wp\/v2\/types\/page"}],"author":[{"embeddable":true,"href":"https:\/\/grips-im-kopf.de\/index.php?rest_route=\/wp\/v2\/users\/1"}],"replies":[{"embeddable":true,"href":"https:\/\/grips-im-kopf.de\/index.php?rest_route=%2Fwp%2Fv2%2Fcomments&post=254"}],"version-history":[{"count":3,"href":"https:\/\/grips-im-kopf.de\/index.php?rest_route=\/wp\/v2\/pages\/254\/revisions"}],"predecessor-version":[{"id":258,"href":"https:\/\/grips-im-kopf.de\/index.php?rest_route=\/wp\/v2\/pages\/254\/revisions\/258"}],"wp:attachment":[{"href":"https:\/\/grips-im-kopf.de\/index.php?rest_route=%2Fwp%2Fv2%2Fmedia&parent=254"}],"curies":[{"name":"wp","href":"https:\/\/api.w.org\/{rel}","templated":true}]}}