{"id":44,"date":"2021-03-20T21:21:50","date_gmt":"2021-03-20T20:21:50","guid":{"rendered":"http:\/\/grips-im-kopf.de\/?page_id=44"},"modified":"2024-06-08T11:58:48","modified_gmt":"2024-06-08T09:58:48","slug":"ganzheitliches-gedaechtnistraining-gehirnjogging-graue-zellen-aktivieren","status":"publish","type":"page","link":"https:\/\/grips-im-kopf.de\/","title":{"rendered":"Ganzheitliches Ged\u00e4chtnistraining"},"content":{"rendered":"\n<p><strong>Haben Sie Grips im Kopf? Aber nat\u00fcrlich!<\/strong><\/p>\n\n\n\n<p>Allerdings:<br>Jeder Muskel ben\u00f6tigt Training, um weiterhin gut arbeiten zu k\u00f6nnen.<\/p>\n\n\n\n<p>Und so braucht auch jede Gehirnzelle Trainingsangebote, um Ged\u00e4chtnis, Phantasie, Logik und Beweglichkeit der Gedanken zu erhalten.<\/p>\n\n\n\n<p class=\"has-text-align-left\"><strong>Wer neugierig bleibt, erh\u00e4lt sich Jugend und mentale Gesundheit!<\/strong><\/p>\n\n\n\n<figure class=\"wp-block-image size-large\"><img loading=\"lazy\" decoding=\"async\" width=\"1024\" height=\"418\" src=\"http:\/\/grips-im-kopf.de\/wp-content\/uploads\/2021\/03\/Blau_ROt_Gruen_a-1024x418.png\" alt=\"\" class=\"wp-image-22\" srcset=\"https:\/\/grips-im-kopf.de\/wp-content\/uploads\/2021\/03\/Blau_ROt_Gruen_a-1024x418.png 1024w, https:\/\/grips-im-kopf.de\/wp-content\/uploads\/2021\/03\/Blau_ROt_Gruen_a-300x123.png 300w, https:\/\/grips-im-kopf.de\/wp-content\/uploads\/2021\/03\/Blau_ROt_Gruen_a-768x314.png 768w, https:\/\/grips-im-kopf.de\/wp-content\/uploads\/2021\/03\/Blau_ROt_Gruen_a.png 1385w\" sizes=\"auto, (max-width: 1024px) 100vw, 1024px\" \/><\/figure>\n\n\n\n<p><strong>Ganzheitliches Ged\u00e4chtnistraining?<\/strong><\/p>\n\n\n\n<p>Ein gesunder Geist wohnt in einem gesunden K\u00f6rper. Diesen Spruch kennen wir. Aber es gilt auch ein Umkehrschluss. Dass also ein gesunder Geist das k\u00f6rperliche Wohlergehen f\u00f6rdern kann.<\/p>\n\n\n\n<p>Das gelingt durch ein ganzheitliches Ged\u00e4chtnistraining!<\/p>\n\n\n\n<p>Ganzheitliches Ged\u00e4chtnistraining beschr\u00e4nkt sich nicht nur auf das L\u00f6sen von R\u00e4tseln, es bedeutet weit mehr. Ganzheitliches Ged\u00e4chtnistraining spricht alle Sinne an und trainiert unterschiedliche Bereiche der Gehirnleistung wie Merkf\u00e4higkeit, Wortfindung, logisches Denken und Konzentration. Auch Bewegungs\u00fcbungen, die die beiden Hirnh\u00e4lften ansprechen, werden im Training eingebaut.<\/p>\n\n\n\n<p><strong>\u2026 und was es bringt!<\/strong><\/p>\n\n\n\n<p>Durch die St\u00e4rkung Ihrer Kreativit\u00e4t, Phantasie, Neugier und Beweglichkeit des Geistes, werden Sie schnell merken, wie Sie Dinge besser behalten k\u00f6nnen. Ihre Lebensqualit\u00e4t und Ihr Selbstbewu\u00dftsein steigen. Das wirkt sich bis in jede einzelne K\u00f6rperzelle aus und ein positives K\u00f6rpergef\u00fchl ist das Ergebnis.<\/p>\n\n\n\n<p>Ganzheitliches Ged\u00e4chtnistraining so wie ich es praktiziere findet ohne Leistungsdruck statt und soll vor allem Spa\u00df machen. Ein frohes Miteinander mit viel Lachen und Freude wartet auf Sie.<\/p>\n\n\n\n<p>St\u00f6bern Sie in meinem Angebot. Sicher ist etwas Passendes f\u00fcr Sie dabei.<\/p>\n\n\n\n<p>Ich freue mich auf Sie!<\/p>\n\n\n\n<p>Besuchen Sie mich auch auf Instagram!<\/p>\n\n\n\n<p><a href=\"https:\/\/www.instagram.com\/kortx.fun\"><img loading=\"lazy\" decoding=\"async\" width=\"128\" height=\"128\" class=\"wp-image-232\" style=\"width: 128px;\" src=\"http:\/\/grips-im-kopf.de\/wp-content\/uploads\/2021\/05\/128x128.png\" alt=\"Besuchen Sie mich auf Instagram\"><\/a><\/p>\n\n\n\n<p><strong>Kurse laufen wieder an! Einfach direkt anfragen.<\/strong><\/p>\n","protected":false},"excerpt":{"rendered":"<p>Haben Sie Grips im Kopf? Aber nat\u00fcrlich! Allerdings:Jeder Muskel ben\u00f6tigt Training, um weiterhin gut arbeiten zu k\u00f6nnen. Und so braucht auch jede Gehirnzelle Trainingsangebote, um Ged\u00e4chtnis, Phantasie, Logik und Beweglichkeit der Gedanken zu erhalten. Wer neugierig bleibt, erh\u00e4lt sich Jugend und mentale Gesundheit! Ganzheitliches Ged\u00e4chtnistraining? Ein gesunder Geist wohnt in einem gesunden K\u00f6rper. Diesen Spruch [&hellip;]<\/p>\n","protected":false},"author":1,"featured_media":0,"parent":0,"menu_order":0,"comment_status":"closed","ping_status":"closed","template":"","meta":{"footnotes":""},"class_list":["post-44","page","type-page","status-publish","hentry"],"yoast_head":"<!-- This site is optimized with the Yoast SEO plugin v27.5 - https:\/\/yoast.com\/product\/yoast-seo-wordpress\/ -->\n<title>Ganzheitliches Ged\u00e4chtnistraining in Frankfurt - Vortr\u00e4ge, Seminare<\/title>\n<meta name=\"description\" content=\"Kognitive F\u00e4higkeiten verbessern, wie Konzentration, Merkf\u00e4higkeit, Wortfindung, Logik, Denkflexibilit\u00e4t und assoziatives Denken.\" \/>\n<meta name=\"robots\" content=\"index, follow, max-snippet:-1, max-image-preview:large, max-video-preview:-1\" \/>\n<link rel=\"canonical\" href=\"https:\/\/grips-im-kopf.de\/\" \/>\n<meta property=\"og:locale\" content=\"de_DE\" \/>\n<meta property=\"og:type\" content=\"article\" \/>\n<meta property=\"og:title\" content=\"Ganzheitliches Ged\u00e4chtnistraining in Frankfurt - Vortr\u00e4ge, Seminare\" \/>\n<meta property=\"og:description\" content=\"Kognitive F\u00e4higkeiten verbessern, wie Konzentration, Merkf\u00e4higkeit, Wortfindung, Logik, Denkflexibilit\u00e4t und assoziatives Denken.\" \/>\n<meta property=\"og:url\" content=\"https:\/\/grips-im-kopf.de\/\" \/>\n<meta property=\"og:site_name\" content=\"Ganzheitliches Ged\u00e4chtnistraining Frankfurt\" \/>\n<meta property=\"article:modified_time\" content=\"2024-06-08T09:58:48+00:00\" \/>\n<meta property=\"og:image\" content=\"http:\/\/grips-im-kopf.de\/wp-content\/uploads\/2021\/03\/Blau_ROt_Gruen_a-1024x418.png\" \/>\n<meta name=\"twitter:card\" content=\"summary_large_image\" \/>\n<meta name=\"twitter:label1\" content=\"Gesch\u00e4tzte Lesezeit\" \/>\n\t<meta name=\"twitter:data1\" content=\"2\u00a0Minuten\" \/>\n<script type=\"application\/ld+json\" class=\"yoast-schema-graph\">{\"@context\":\"https:\\\/\\\/schema.org\",\"@graph\":[{\"@type\":\"WebPage\",\"@id\":\"https:\\\/\\\/grips-im-kopf.de\\\/\",\"url\":\"https:\\\/\\\/grips-im-kopf.de\\\/\",\"name\":\"Ganzheitliches Ged\u00e4chtnistraining in Frankfurt - Vortr\u00e4ge, Seminare\",\"isPartOf\":{\"@id\":\"https:\\\/\\\/grips-im-kopf.de\\\/#website\"},\"primaryImageOfPage\":{\"@id\":\"https:\\\/\\\/grips-im-kopf.de\\\/#primaryimage\"},\"image\":{\"@id\":\"https:\\\/\\\/grips-im-kopf.de\\\/#primaryimage\"},\"thumbnailUrl\":\"http:\\\/\\\/grips-im-kopf.de\\\/wp-content\\\/uploads\\\/2021\\\/03\\\/Blau_ROt_Gruen_a-1024x418.png\",\"datePublished\":\"2021-03-20T20:21:50+00:00\",\"dateModified\":\"2024-06-08T09:58:48+00:00\",\"description\":\"Kognitive F\u00e4higkeiten verbessern, wie Konzentration, Merkf\u00e4higkeit, Wortfindung, Logik, Denkflexibilit\u00e4t und assoziatives Denken.\",\"breadcrumb\":{\"@id\":\"https:\\\/\\\/grips-im-kopf.de\\\/#breadcrumb\"},\"inLanguage\":\"de\",\"potentialAction\":[{\"@type\":\"ReadAction\",\"target\":[\"https:\\\/\\\/grips-im-kopf.de\\\/\"]}]},{\"@type\":\"ImageObject\",\"inLanguage\":\"de\",\"@id\":\"https:\\\/\\\/grips-im-kopf.de\\\/#primaryimage\",\"url\":\"https:\\\/\\\/grips-im-kopf.de\\\/wp-content\\\/uploads\\\/2021\\\/03\\\/Blau_ROt_Gruen_a.png\",\"contentUrl\":\"https:\\\/\\\/grips-im-kopf.de\\\/wp-content\\\/uploads\\\/2021\\\/03\\\/Blau_ROt_Gruen_a.png\",\"width\":1385,\"height\":566},{\"@type\":\"BreadcrumbList\",\"@id\":\"https:\\\/\\\/grips-im-kopf.de\\\/#breadcrumb\",\"itemListElement\":[{\"@type\":\"ListItem\",\"position\":1,\"name\":\"Startseite\",\"item\":\"https:\\\/\\\/grips-im-kopf.de\\\/\"},{\"@type\":\"ListItem\",\"position\":2,\"name\":\"Ganzheitliches Ged\u00e4chtnistraining\"}]},{\"@type\":\"WebSite\",\"@id\":\"https:\\\/\\\/grips-im-kopf.de\\\/#website\",\"url\":\"https:\\\/\\\/grips-im-kopf.de\\\/\",\"name\":\"Ganzheitliches Ged\u00e4chtnistraining Frankfurt\",\"description\":\"\",\"publisher\":{\"@id\":\"https:\\\/\\\/grips-im-kopf.de\\\/#organization\"},\"potentialAction\":[{\"@type\":\"SearchAction\",\"target\":{\"@type\":\"EntryPoint\",\"urlTemplate\":\"https:\\\/\\\/grips-im-kopf.de\\\/?s={search_term_string}\"},\"query-input\":{\"@type\":\"PropertyValueSpecification\",\"valueRequired\":true,\"valueName\":\"search_term_string\"}}],\"inLanguage\":\"de\"},{\"@type\":\"Organization\",\"@id\":\"https:\\\/\\\/grips-im-kopf.de\\\/#organization\",\"name\":\"Ganzheitliches Ged\u00e4chtnistraining Frankfurt\",\"url\":\"https:\\\/\\\/grips-im-kopf.de\\\/\",\"logo\":{\"@type\":\"ImageObject\",\"inLanguage\":\"de\",\"@id\":\"https:\\\/\\\/grips-im-kopf.de\\\/#\\\/schema\\\/logo\\\/image\\\/\",\"url\":\"https:\\\/\\\/grips-im-kopf.de\\\/wp-content\\\/uploads\\\/2021\\\/04\\\/GIK-animated-4.png\",\"contentUrl\":\"https:\\\/\\\/grips-im-kopf.de\\\/wp-content\\\/uploads\\\/2021\\\/04\\\/GIK-animated-4.png\",\"width\":398,\"height\":136,\"caption\":\"Ganzheitliches Ged\u00e4chtnistraining Frankfurt\"},\"image\":{\"@id\":\"https:\\\/\\\/grips-im-kopf.de\\\/#\\\/schema\\\/logo\\\/image\\\/\"}}]}<\/script>\n<!-- \/ Yoast SEO plugin. -->","yoast_head_json":{"title":"Ganzheitliches Ged\u00e4chtnistraining in Frankfurt - Vortr\u00e4ge, Seminare","description":"Kognitive F\u00e4higkeiten verbessern, wie Konzentration, Merkf\u00e4higkeit, Wortfindung, Logik, Denkflexibilit\u00e4t und assoziatives Denken.","robots":{"index":"index","follow":"follow","max-snippet":"max-snippet:-1","max-image-preview":"max-image-preview:large","max-video-preview":"max-video-preview:-1"},"canonical":"https:\/\/grips-im-kopf.de\/","og_locale":"de_DE","og_type":"article","og_title":"Ganzheitliches Ged\u00e4chtnistraining in Frankfurt - Vortr\u00e4ge, Seminare","og_description":"Kognitive F\u00e4higkeiten verbessern, wie Konzentration, Merkf\u00e4higkeit, Wortfindung, Logik, Denkflexibilit\u00e4t und assoziatives Denken.","og_url":"https:\/\/grips-im-kopf.de\/","og_site_name":"Ganzheitliches Ged\u00e4chtnistraining Frankfurt","article_modified_time":"2024-06-08T09:58:48+00:00","og_image":[{"url":"http:\/\/grips-im-kopf.de\/wp-content\/uploads\/2021\/03\/Blau_ROt_Gruen_a-1024x418.png","type":"","width":"","height":""}],"twitter_card":"summary_large_image","twitter_misc":{"Gesch\u00e4tzte Lesezeit":"2\u00a0Minuten"},"schema":{"@context":"https:\/\/schema.org","@graph":[{"@type":"WebPage","@id":"https:\/\/grips-im-kopf.de\/","url":"https:\/\/grips-im-kopf.de\/","name":"Ganzheitliches Ged\u00e4chtnistraining in Frankfurt - Vortr\u00e4ge, Seminare","isPartOf":{"@id":"https:\/\/grips-im-kopf.de\/#website"},"primaryImageOfPage":{"@id":"https:\/\/grips-im-kopf.de\/#primaryimage"},"image":{"@id":"https:\/\/grips-im-kopf.de\/#primaryimage"},"thumbnailUrl":"http:\/\/grips-im-kopf.de\/wp-content\/uploads\/2021\/03\/Blau_ROt_Gruen_a-1024x418.png","datePublished":"2021-03-20T20:21:50+00:00","dateModified":"2024-06-08T09:58:48+00:00","description":"Kognitive F\u00e4higkeiten verbessern, wie Konzentration, Merkf\u00e4higkeit, Wortfindung, Logik, Denkflexibilit\u00e4t und assoziatives Denken.","breadcrumb":{"@id":"https:\/\/grips-im-kopf.de\/#breadcrumb"},"inLanguage":"de","potentialAction":[{"@type":"ReadAction","target":["https:\/\/grips-im-kopf.de\/"]}]},{"@type":"ImageObject","inLanguage":"de","@id":"https:\/\/grips-im-kopf.de\/#primaryimage","url":"https:\/\/grips-im-kopf.de\/wp-content\/uploads\/2021\/03\/Blau_ROt_Gruen_a.png","contentUrl":"https:\/\/grips-im-kopf.de\/wp-content\/uploads\/2021\/03\/Blau_ROt_Gruen_a.png","width":1385,"height":566},{"@type":"BreadcrumbList","@id":"https:\/\/grips-im-kopf.de\/#breadcrumb","itemListElement":[{"@type":"ListItem","position":1,"name":"Startseite","item":"https:\/\/grips-im-kopf.de\/"},{"@type":"ListItem","position":2,"name":"Ganzheitliches Ged\u00e4chtnistraining"}]},{"@type":"WebSite","@id":"https:\/\/grips-im-kopf.de\/#website","url":"https:\/\/grips-im-kopf.de\/","name":"Ganzheitliches Ged\u00e4chtnistraining Frankfurt","description":"","publisher":{"@id":"https:\/\/grips-im-kopf.de\/#organization"},"potentialAction":[{"@type":"SearchAction","target":{"@type":"EntryPoint","urlTemplate":"https:\/\/grips-im-kopf.de\/?s={search_term_string}"},"query-input":{"@type":"PropertyValueSpecification","valueRequired":true,"valueName":"search_term_string"}}],"inLanguage":"de"},{"@type":"Organization","@id":"https:\/\/grips-im-kopf.de\/#organization","name":"Ganzheitliches Ged\u00e4chtnistraining Frankfurt","url":"https:\/\/grips-im-kopf.de\/","logo":{"@type":"ImageObject","inLanguage":"de","@id":"https:\/\/grips-im-kopf.de\/#\/schema\/logo\/image\/","url":"https:\/\/grips-im-kopf.de\/wp-content\/uploads\/2021\/04\/GIK-animated-4.png","contentUrl":"https:\/\/grips-im-kopf.de\/wp-content\/uploads\/2021\/04\/GIK-animated-4.png","width":398,"height":136,"caption":"Ganzheitliches Ged\u00e4chtnistraining Frankfurt"},"image":{"@id":"https:\/\/grips-im-kopf.de\/#\/schema\/logo\/image\/"}}]}},"_links":{"self":[{"href":"https:\/\/grips-im-kopf.de\/index.php?rest_route=\/wp\/v2\/pages\/44","targetHints":{"allow":["GET"]}}],"collection":[{"href":"https:\/\/grips-im-kopf.de\/index.php?rest_route=\/wp\/v2\/pages"}],"about":[{"href":"https:\/\/grips-im-kopf.de\/index.php?rest_route=\/wp\/v2\/types\/page"}],"author":[{"embeddable":true,"href":"https:\/\/grips-im-kopf.de\/index.php?rest_route=\/wp\/v2\/users\/1"}],"replies":[{"embeddable":true,"href":"https:\/\/grips-im-kopf.de\/index.php?rest_route=%2Fwp%2Fv2%2Fcomments&post=44"}],"version-history":[{"count":8,"href":"https:\/\/grips-im-kopf.de\/index.php?rest_route=\/wp\/v2\/pages\/44\/revisions"}],"predecessor-version":[{"id":327,"href":"https:\/\/grips-im-kopf.de\/index.php?rest_route=\/wp\/v2\/pages\/44\/revisions\/327"}],"wp:attachment":[{"href":"https:\/\/grips-im-kopf.de\/index.php?rest_route=%2Fwp%2Fv2%2Fmedia&parent=44"}],"curies":[{"name":"wp","href":"https:\/\/api.w.org\/{rel}","templated":true}]}}