{"id":69,"date":"2021-03-21T20:47:58","date_gmt":"2021-03-21T19:47:58","guid":{"rendered":"http:\/\/grips-im-kopf.de\/?page_id=69"},"modified":"2021-04-30T21:55:26","modified_gmt":"2021-04-30T19:55:26","slug":"angebote","status":"publish","type":"page","link":"https:\/\/grips-im-kopf.de\/?page_id=69","title":{"rendered":"Ganzheitliches Ged\u00e4chtnistraining f\u00fcr fitte Senioren"},"content":{"rendered":"\n<p>Drehen Sie Ihre Ged\u00e4chtnisleistung mal 3 Jahre zur\u00fcck! In diesem fortlaufenden Seminar werden die verschiedenen Bereiche des Ged\u00e4chtnisses wie zum Beispiel Merkf\u00e4higkeit, Wortfindung, logisches Denken, Kreativit\u00e4t und die F\u00e4higkeit, Zusammenh\u00e4nge zu erkennen, gest\u00e4rkt. Sie erhalten Einblick in Mnemotechniken, die es ihnen erlauben, sich viele Dinge wie zum Beispiel Namen, Zahlen oder Zusammenh\u00e4nge leichter zu merken.<\/p>\n\n\n\n<p>Dar\u00fcber hinaus gebe ich Ihnen Tipps und Tricks an die Hand, die Sie im Alltag hervorragend anwenden k\u00f6nnen.<\/p>\n","protected":false},"excerpt":{"rendered":"<p>Drehen Sie Ihre Ged\u00e4chtnisleistung mal 3 Jahre zur\u00fcck! In diesem fortlaufenden Seminar werden die verschiedenen Bereiche des Ged\u00e4chtnisses wie zum Beispiel Merkf\u00e4higkeit, Wortfindung, logisches Denken, Kreativit\u00e4t und die F\u00e4higkeit, Zusammenh\u00e4nge zu erkennen, gest\u00e4rkt. Sie erhalten Einblick in Mnemotechniken, die es ihnen erlauben, sich viele Dinge wie zum Beispiel Namen, Zahlen oder Zusammenh\u00e4nge leichter zu merken. [&hellip;]<\/p>\n","protected":false},"author":1,"featured_media":31,"parent":0,"menu_order":0,"comment_status":"closed","ping_status":"closed","template":"","meta":{"footnotes":""},"class_list":["post-69","page","type-page","status-publish","has-post-thumbnail","hentry"],"yoast_head":"<!-- This site is optimized with the Yoast SEO plugin v27.5 - https:\/\/yoast.com\/product\/yoast-seo-wordpress\/ -->\n<title>Drehen Sie Ihre Ged\u00e4chtnisleistung mal 3 Jahre zur\u00fcck!<\/title>\n<meta name=\"description\" content=\"Merkf\u00e4higkeit, Wortfindung, logisches Denken, Kreativit\u00e4t und die F\u00e4higkeit, Zusammenh\u00e4nge zu erkennen, werden gest\u00e4rkt.\" \/>\n<meta name=\"robots\" content=\"index, follow, max-snippet:-1, max-image-preview:large, max-video-preview:-1\" \/>\n<link rel=\"canonical\" href=\"https:\/\/grips-im-kopf.de\/?page_id=69\" \/>\n<meta property=\"og:locale\" content=\"de_DE\" \/>\n<meta property=\"og:type\" content=\"article\" \/>\n<meta property=\"og:title\" content=\"Drehen Sie Ihre Ged\u00e4chtnisleistung mal 3 Jahre zur\u00fcck!\" \/>\n<meta property=\"og:description\" content=\"Merkf\u00e4higkeit, Wortfindung, logisches Denken, Kreativit\u00e4t und die F\u00e4higkeit, Zusammenh\u00e4nge zu erkennen, werden gest\u00e4rkt.\" \/>\n<meta property=\"og:url\" content=\"https:\/\/grips-im-kopf.de\/?page_id=69\" \/>\n<meta property=\"og:site_name\" content=\"Ganzheitliches Ged\u00e4chtnistraining Frankfurt\" \/>\n<meta property=\"article:modified_time\" content=\"2021-04-30T19:55:26+00:00\" \/>\n<meta property=\"og:image\" content=\"https:\/\/grips-im-kopf.de\/wp-content\/uploads\/2021\/03\/ABCDE.jpg\" \/>\n\t<meta property=\"og:image:width\" content=\"734\" \/>\n\t<meta property=\"og:image:height\" content=\"413\" \/>\n\t<meta property=\"og:image:type\" content=\"image\/jpeg\" \/>\n<meta name=\"twitter:card\" content=\"summary_large_image\" \/>\n<meta name=\"twitter:label1\" content=\"Gesch\u00e4tzte Lesezeit\" \/>\n\t<meta name=\"twitter:data1\" content=\"1\u00a0Minute\" \/>\n<script type=\"application\/ld+json\" class=\"yoast-schema-graph\">{\"@context\":\"https:\\\/\\\/schema.org\",\"@graph\":[{\"@type\":\"WebPage\",\"@id\":\"https:\\\/\\\/grips-im-kopf.de\\\/?page_id=69\",\"url\":\"https:\\\/\\\/grips-im-kopf.de\\\/?page_id=69\",\"name\":\"Drehen Sie Ihre Ged\u00e4chtnisleistung mal 3 Jahre zur\u00fcck!\",\"isPartOf\":{\"@id\":\"https:\\\/\\\/grips-im-kopf.de\\\/#website\"},\"primaryImageOfPage\":{\"@id\":\"https:\\\/\\\/grips-im-kopf.de\\\/?page_id=69#primaryimage\"},\"image\":{\"@id\":\"https:\\\/\\\/grips-im-kopf.de\\\/?page_id=69#primaryimage\"},\"thumbnailUrl\":\"https:\\\/\\\/grips-im-kopf.de\\\/wp-content\\\/uploads\\\/2021\\\/03\\\/ABCDE.jpg\",\"datePublished\":\"2021-03-21T19:47:58+00:00\",\"dateModified\":\"2021-04-30T19:55:26+00:00\",\"description\":\"Merkf\u00e4higkeit, Wortfindung, logisches Denken, Kreativit\u00e4t und die F\u00e4higkeit, Zusammenh\u00e4nge zu erkennen, werden gest\u00e4rkt.\",\"breadcrumb\":{\"@id\":\"https:\\\/\\\/grips-im-kopf.de\\\/?page_id=69#breadcrumb\"},\"inLanguage\":\"de\",\"potentialAction\":[{\"@type\":\"ReadAction\",\"target\":[\"https:\\\/\\\/grips-im-kopf.de\\\/?page_id=69\"]}]},{\"@type\":\"ImageObject\",\"inLanguage\":\"de\",\"@id\":\"https:\\\/\\\/grips-im-kopf.de\\\/?page_id=69#primaryimage\",\"url\":\"https:\\\/\\\/grips-im-kopf.de\\\/wp-content\\\/uploads\\\/2021\\\/03\\\/ABCDE.jpg\",\"contentUrl\":\"https:\\\/\\\/grips-im-kopf.de\\\/wp-content\\\/uploads\\\/2021\\\/03\\\/ABCDE.jpg\",\"width\":734,\"height\":413},{\"@type\":\"BreadcrumbList\",\"@id\":\"https:\\\/\\\/grips-im-kopf.de\\\/?page_id=69#breadcrumb\",\"itemListElement\":[{\"@type\":\"ListItem\",\"position\":1,\"name\":\"Startseite\",\"item\":\"https:\\\/\\\/grips-im-kopf.de\\\/\"},{\"@type\":\"ListItem\",\"position\":2,\"name\":\"Ganzheitliches Ged\u00e4chtnistraining f\u00fcr fitte Senioren\"}]},{\"@type\":\"WebSite\",\"@id\":\"https:\\\/\\\/grips-im-kopf.de\\\/#website\",\"url\":\"https:\\\/\\\/grips-im-kopf.de\\\/\",\"name\":\"Ganzheitliches Ged\u00e4chtnistraining Frankfurt\",\"description\":\"\",\"publisher\":{\"@id\":\"https:\\\/\\\/grips-im-kopf.de\\\/#organization\"},\"potentialAction\":[{\"@type\":\"SearchAction\",\"target\":{\"@type\":\"EntryPoint\",\"urlTemplate\":\"https:\\\/\\\/grips-im-kopf.de\\\/?s={search_term_string}\"},\"query-input\":{\"@type\":\"PropertyValueSpecification\",\"valueRequired\":true,\"valueName\":\"search_term_string\"}}],\"inLanguage\":\"de\"},{\"@type\":\"Organization\",\"@id\":\"https:\\\/\\\/grips-im-kopf.de\\\/#organization\",\"name\":\"Ganzheitliches Ged\u00e4chtnistraining Frankfurt\",\"url\":\"https:\\\/\\\/grips-im-kopf.de\\\/\",\"logo\":{\"@type\":\"ImageObject\",\"inLanguage\":\"de\",\"@id\":\"https:\\\/\\\/grips-im-kopf.de\\\/#\\\/schema\\\/logo\\\/image\\\/\",\"url\":\"https:\\\/\\\/grips-im-kopf.de\\\/wp-content\\\/uploads\\\/2021\\\/04\\\/GIK-animated-4.png\",\"contentUrl\":\"https:\\\/\\\/grips-im-kopf.de\\\/wp-content\\\/uploads\\\/2021\\\/04\\\/GIK-animated-4.png\",\"width\":398,\"height\":136,\"caption\":\"Ganzheitliches Ged\u00e4chtnistraining Frankfurt\"},\"image\":{\"@id\":\"https:\\\/\\\/grips-im-kopf.de\\\/#\\\/schema\\\/logo\\\/image\\\/\"}}]}<\/script>\n<!-- \/ Yoast SEO plugin. -->","yoast_head_json":{"title":"Drehen Sie Ihre Ged\u00e4chtnisleistung mal 3 Jahre zur\u00fcck!","description":"Merkf\u00e4higkeit, Wortfindung, logisches Denken, Kreativit\u00e4t und die F\u00e4higkeit, Zusammenh\u00e4nge zu erkennen, werden gest\u00e4rkt.","robots":{"index":"index","follow":"follow","max-snippet":"max-snippet:-1","max-image-preview":"max-image-preview:large","max-video-preview":"max-video-preview:-1"},"canonical":"https:\/\/grips-im-kopf.de\/?page_id=69","og_locale":"de_DE","og_type":"article","og_title":"Drehen Sie Ihre Ged\u00e4chtnisleistung mal 3 Jahre zur\u00fcck!","og_description":"Merkf\u00e4higkeit, Wortfindung, logisches Denken, Kreativit\u00e4t und die F\u00e4higkeit, Zusammenh\u00e4nge zu erkennen, werden gest\u00e4rkt.","og_url":"https:\/\/grips-im-kopf.de\/?page_id=69","og_site_name":"Ganzheitliches Ged\u00e4chtnistraining Frankfurt","article_modified_time":"2021-04-30T19:55:26+00:00","og_image":[{"width":734,"height":413,"url":"https:\/\/grips-im-kopf.de\/wp-content\/uploads\/2021\/03\/ABCDE.jpg","type":"image\/jpeg"}],"twitter_card":"summary_large_image","twitter_misc":{"Gesch\u00e4tzte Lesezeit":"1\u00a0Minute"},"schema":{"@context":"https:\/\/schema.org","@graph":[{"@type":"WebPage","@id":"https:\/\/grips-im-kopf.de\/?page_id=69","url":"https:\/\/grips-im-kopf.de\/?page_id=69","name":"Drehen Sie Ihre Ged\u00e4chtnisleistung mal 3 Jahre zur\u00fcck!","isPartOf":{"@id":"https:\/\/grips-im-kopf.de\/#website"},"primaryImageOfPage":{"@id":"https:\/\/grips-im-kopf.de\/?page_id=69#primaryimage"},"image":{"@id":"https:\/\/grips-im-kopf.de\/?page_id=69#primaryimage"},"thumbnailUrl":"https:\/\/grips-im-kopf.de\/wp-content\/uploads\/2021\/03\/ABCDE.jpg","datePublished":"2021-03-21T19:47:58+00:00","dateModified":"2021-04-30T19:55:26+00:00","description":"Merkf\u00e4higkeit, Wortfindung, logisches Denken, Kreativit\u00e4t und die F\u00e4higkeit, Zusammenh\u00e4nge zu erkennen, werden gest\u00e4rkt.","breadcrumb":{"@id":"https:\/\/grips-im-kopf.de\/?page_id=69#breadcrumb"},"inLanguage":"de","potentialAction":[{"@type":"ReadAction","target":["https:\/\/grips-im-kopf.de\/?page_id=69"]}]},{"@type":"ImageObject","inLanguage":"de","@id":"https:\/\/grips-im-kopf.de\/?page_id=69#primaryimage","url":"https:\/\/grips-im-kopf.de\/wp-content\/uploads\/2021\/03\/ABCDE.jpg","contentUrl":"https:\/\/grips-im-kopf.de\/wp-content\/uploads\/2021\/03\/ABCDE.jpg","width":734,"height":413},{"@type":"BreadcrumbList","@id":"https:\/\/grips-im-kopf.de\/?page_id=69#breadcrumb","itemListElement":[{"@type":"ListItem","position":1,"name":"Startseite","item":"https:\/\/grips-im-kopf.de\/"},{"@type":"ListItem","position":2,"name":"Ganzheitliches Ged\u00e4chtnistraining f\u00fcr fitte Senioren"}]},{"@type":"WebSite","@id":"https:\/\/grips-im-kopf.de\/#website","url":"https:\/\/grips-im-kopf.de\/","name":"Ganzheitliches Ged\u00e4chtnistraining Frankfurt","description":"","publisher":{"@id":"https:\/\/grips-im-kopf.de\/#organization"},"potentialAction":[{"@type":"SearchAction","target":{"@type":"EntryPoint","urlTemplate":"https:\/\/grips-im-kopf.de\/?s={search_term_string}"},"query-input":{"@type":"PropertyValueSpecification","valueRequired":true,"valueName":"search_term_string"}}],"inLanguage":"de"},{"@type":"Organization","@id":"https:\/\/grips-im-kopf.de\/#organization","name":"Ganzheitliches Ged\u00e4chtnistraining Frankfurt","url":"https:\/\/grips-im-kopf.de\/","logo":{"@type":"ImageObject","inLanguage":"de","@id":"https:\/\/grips-im-kopf.de\/#\/schema\/logo\/image\/","url":"https:\/\/grips-im-kopf.de\/wp-content\/uploads\/2021\/04\/GIK-animated-4.png","contentUrl":"https:\/\/grips-im-kopf.de\/wp-content\/uploads\/2021\/04\/GIK-animated-4.png","width":398,"height":136,"caption":"Ganzheitliches Ged\u00e4chtnistraining Frankfurt"},"image":{"@id":"https:\/\/grips-im-kopf.de\/#\/schema\/logo\/image\/"}}]}},"_links":{"self":[{"href":"https:\/\/grips-im-kopf.de\/index.php?rest_route=\/wp\/v2\/pages\/69","targetHints":{"allow":["GET"]}}],"collection":[{"href":"https:\/\/grips-im-kopf.de\/index.php?rest_route=\/wp\/v2\/pages"}],"about":[{"href":"https:\/\/grips-im-kopf.de\/index.php?rest_route=\/wp\/v2\/types\/page"}],"author":[{"embeddable":true,"href":"https:\/\/grips-im-kopf.de\/index.php?rest_route=\/wp\/v2\/users\/1"}],"replies":[{"embeddable":true,"href":"https:\/\/grips-im-kopf.de\/index.php?rest_route=%2Fwp%2Fv2%2Fcomments&post=69"}],"version-history":[{"count":1,"href":"https:\/\/grips-im-kopf.de\/index.php?rest_route=\/wp\/v2\/pages\/69\/revisions"}],"predecessor-version":[{"id":70,"href":"https:\/\/grips-im-kopf.de\/index.php?rest_route=\/wp\/v2\/pages\/69\/revisions\/70"}],"wp:featuredmedia":[{"embeddable":true,"href":"https:\/\/grips-im-kopf.de\/index.php?rest_route=\/wp\/v2\/media\/31"}],"wp:attachment":[{"href":"https:\/\/grips-im-kopf.de\/index.php?rest_route=%2Fwp%2Fv2%2Fmedia&parent=69"}],"curies":[{"name":"wp","href":"https:\/\/api.w.org\/{rel}","templated":true}]}}