{"id":73,"date":"2021-03-21T21:48:55","date_gmt":"2021-03-21T20:48:55","guid":{"rendered":"http:\/\/grips-im-kopf.de\/?page_id=73"},"modified":"2021-03-21T21:48:55","modified_gmt":"2021-03-21T20:48:55","slug":"best-of-gedaechtnistraining-bei-ihnen-zu-hause","status":"publish","type":"page","link":"https:\/\/grips-im-kopf.de\/?page_id=73","title":{"rendered":"&#8222;best of&#8220; Ged\u00e4chtnistraining bei Ihnen zu Hause"},"content":{"rendered":"\n<p>Aufbauend auf den Erfahrungen, die ich mit verschiedenen Ged\u00e4chtnis\u00adtrainings-Gruppen machen konnte, biete ich Ihnen ein Trainingsprogramm, das wir gemeinsam mit der Gruppe Ihrer Wahl bei Ihnen zu Hause durchf\u00fchren k\u00f6nnen. Spa\u00df ist vorprogrammiert!<\/p>\n","protected":false},"excerpt":{"rendered":"<p>Aufbauend auf den Erfahrungen, die ich mit verschiedenen Ged\u00e4chtnis\u00adtrainings-Gruppen machen konnte, biete ich Ihnen ein Trainingsprogramm, das wir gemeinsam mit der Gruppe Ihrer Wahl bei Ihnen zu Hause durchf\u00fchren k\u00f6nnen. Spa\u00df ist vorprogrammiert!<\/p>\n","protected":false},"author":1,"featured_media":43,"parent":0,"menu_order":0,"comment_status":"closed","ping_status":"closed","template":"","meta":{"footnotes":""},"class_list":["post-73","page","type-page","status-publish","has-post-thumbnail","hentry"],"yoast_head":"<!-- This site is optimized with the Yoast SEO plugin v27.4 - https:\/\/yoast.com\/product\/yoast-seo-wordpress\/ -->\n<title>&quot;best of&quot; Ged\u00e4chtnistraining bei Ihnen zu Hause - Ganzheitliches Ged\u00e4chtnistraining Frankfurt<\/title>\n<meta name=\"robots\" content=\"index, follow, max-snippet:-1, max-image-preview:large, max-video-preview:-1\" \/>\n<link rel=\"canonical\" href=\"https:\/\/grips-im-kopf.de\/?page_id=73\" \/>\n<meta property=\"og:locale\" content=\"de_DE\" \/>\n<meta property=\"og:type\" content=\"article\" \/>\n<meta property=\"og:title\" content=\"&quot;best of&quot; Ged\u00e4chtnistraining bei Ihnen zu Hause - Ganzheitliches Ged\u00e4chtnistraining Frankfurt\" \/>\n<meta property=\"og:description\" content=\"Aufbauend auf den Erfahrungen, die ich mit verschiedenen Ged\u00e4chtnis\u00adtrainings-Gruppen machen konnte, biete ich Ihnen ein Trainingsprogramm, das wir gemeinsam mit der Gruppe Ihrer Wahl bei Ihnen zu Hause durchf\u00fchren k\u00f6nnen. Spa\u00df ist vorprogrammiert!\" \/>\n<meta property=\"og:url\" content=\"https:\/\/grips-im-kopf.de\/?page_id=73\" \/>\n<meta property=\"og:site_name\" content=\"Ganzheitliches Ged\u00e4chtnistraining Frankfurt\" \/>\n<meta property=\"og:image\" content=\"https:\/\/grips-im-kopf.de\/wp-content\/uploads\/2021\/03\/Worte1-scaled-e1616358016603.jpg\" \/>\n\t<meta property=\"og:image:width\" content=\"400\" \/>\n\t<meta property=\"og:image:height\" content=\"484\" \/>\n\t<meta property=\"og:image:type\" content=\"image\/jpeg\" \/>\n<meta name=\"twitter:card\" content=\"summary_large_image\" \/>\n<script type=\"application\/ld+json\" class=\"yoast-schema-graph\">{\"@context\":\"https:\\\/\\\/schema.org\",\"@graph\":[{\"@type\":\"WebPage\",\"@id\":\"https:\\\/\\\/grips-im-kopf.de\\\/?page_id=73\",\"url\":\"https:\\\/\\\/grips-im-kopf.de\\\/?page_id=73\",\"name\":\"\\\"best of\\\" Ged\u00e4chtnistraining bei Ihnen zu Hause - Ganzheitliches Ged\u00e4chtnistraining Frankfurt\",\"isPartOf\":{\"@id\":\"https:\\\/\\\/grips-im-kopf.de\\\/#website\"},\"primaryImageOfPage\":{\"@id\":\"https:\\\/\\\/grips-im-kopf.de\\\/?page_id=73#primaryimage\"},\"image\":{\"@id\":\"https:\\\/\\\/grips-im-kopf.de\\\/?page_id=73#primaryimage\"},\"thumbnailUrl\":\"https:\\\/\\\/grips-im-kopf.de\\\/wp-content\\\/uploads\\\/2021\\\/03\\\/Worte1-scaled-e1616358016603.jpg\",\"datePublished\":\"2021-03-21T20:48:55+00:00\",\"breadcrumb\":{\"@id\":\"https:\\\/\\\/grips-im-kopf.de\\\/?page_id=73#breadcrumb\"},\"inLanguage\":\"de\",\"potentialAction\":[{\"@type\":\"ReadAction\",\"target\":[\"https:\\\/\\\/grips-im-kopf.de\\\/?page_id=73\"]}]},{\"@type\":\"ImageObject\",\"inLanguage\":\"de\",\"@id\":\"https:\\\/\\\/grips-im-kopf.de\\\/?page_id=73#primaryimage\",\"url\":\"https:\\\/\\\/grips-im-kopf.de\\\/wp-content\\\/uploads\\\/2021\\\/03\\\/Worte1-scaled-e1616358016603.jpg\",\"contentUrl\":\"https:\\\/\\\/grips-im-kopf.de\\\/wp-content\\\/uploads\\\/2021\\\/03\\\/Worte1-scaled-e1616358016603.jpg\",\"width\":400,\"height\":484},{\"@type\":\"BreadcrumbList\",\"@id\":\"https:\\\/\\\/grips-im-kopf.de\\\/?page_id=73#breadcrumb\",\"itemListElement\":[{\"@type\":\"ListItem\",\"position\":1,\"name\":\"Startseite\",\"item\":\"https:\\\/\\\/grips-im-kopf.de\\\/\"},{\"@type\":\"ListItem\",\"position\":2,\"name\":\"&#8222;best of&#8220; Ged\u00e4chtnistraining bei Ihnen zu Hause\"}]},{\"@type\":\"WebSite\",\"@id\":\"https:\\\/\\\/grips-im-kopf.de\\\/#website\",\"url\":\"https:\\\/\\\/grips-im-kopf.de\\\/\",\"name\":\"Ganzheitliches Ged\u00e4chtnistraining Frankfurt\",\"description\":\"\",\"publisher\":{\"@id\":\"https:\\\/\\\/grips-im-kopf.de\\\/#organization\"},\"potentialAction\":[{\"@type\":\"SearchAction\",\"target\":{\"@type\":\"EntryPoint\",\"urlTemplate\":\"https:\\\/\\\/grips-im-kopf.de\\\/?s={search_term_string}\"},\"query-input\":{\"@type\":\"PropertyValueSpecification\",\"valueRequired\":true,\"valueName\":\"search_term_string\"}}],\"inLanguage\":\"de\"},{\"@type\":\"Organization\",\"@id\":\"https:\\\/\\\/grips-im-kopf.de\\\/#organization\",\"name\":\"Ganzheitliches Ged\u00e4chtnistraining Frankfurt\",\"url\":\"https:\\\/\\\/grips-im-kopf.de\\\/\",\"logo\":{\"@type\":\"ImageObject\",\"inLanguage\":\"de\",\"@id\":\"https:\\\/\\\/grips-im-kopf.de\\\/#\\\/schema\\\/logo\\\/image\\\/\",\"url\":\"https:\\\/\\\/grips-im-kopf.de\\\/wp-content\\\/uploads\\\/2021\\\/04\\\/GIK-animated-4.png\",\"contentUrl\":\"https:\\\/\\\/grips-im-kopf.de\\\/wp-content\\\/uploads\\\/2021\\\/04\\\/GIK-animated-4.png\",\"width\":398,\"height\":136,\"caption\":\"Ganzheitliches Ged\u00e4chtnistraining Frankfurt\"},\"image\":{\"@id\":\"https:\\\/\\\/grips-im-kopf.de\\\/#\\\/schema\\\/logo\\\/image\\\/\"}}]}<\/script>\n<!-- \/ Yoast SEO plugin. -->","yoast_head_json":{"title":"\"best of\" Ged\u00e4chtnistraining bei Ihnen zu Hause - Ganzheitliches Ged\u00e4chtnistraining Frankfurt","robots":{"index":"index","follow":"follow","max-snippet":"max-snippet:-1","max-image-preview":"max-image-preview:large","max-video-preview":"max-video-preview:-1"},"canonical":"https:\/\/grips-im-kopf.de\/?page_id=73","og_locale":"de_DE","og_type":"article","og_title":"\"best of\" Ged\u00e4chtnistraining bei Ihnen zu Hause - Ganzheitliches Ged\u00e4chtnistraining Frankfurt","og_description":"Aufbauend auf den Erfahrungen, die ich mit verschiedenen Ged\u00e4chtnis\u00adtrainings-Gruppen machen konnte, biete ich Ihnen ein Trainingsprogramm, das wir gemeinsam mit der Gruppe Ihrer Wahl bei Ihnen zu Hause durchf\u00fchren k\u00f6nnen. Spa\u00df ist vorprogrammiert!","og_url":"https:\/\/grips-im-kopf.de\/?page_id=73","og_site_name":"Ganzheitliches Ged\u00e4chtnistraining Frankfurt","og_image":[{"width":400,"height":484,"url":"https:\/\/grips-im-kopf.de\/wp-content\/uploads\/2021\/03\/Worte1-scaled-e1616358016603.jpg","type":"image\/jpeg"}],"twitter_card":"summary_large_image","schema":{"@context":"https:\/\/schema.org","@graph":[{"@type":"WebPage","@id":"https:\/\/grips-im-kopf.de\/?page_id=73","url":"https:\/\/grips-im-kopf.de\/?page_id=73","name":"\"best of\" Ged\u00e4chtnistraining bei Ihnen zu Hause - Ganzheitliches Ged\u00e4chtnistraining Frankfurt","isPartOf":{"@id":"https:\/\/grips-im-kopf.de\/#website"},"primaryImageOfPage":{"@id":"https:\/\/grips-im-kopf.de\/?page_id=73#primaryimage"},"image":{"@id":"https:\/\/grips-im-kopf.de\/?page_id=73#primaryimage"},"thumbnailUrl":"https:\/\/grips-im-kopf.de\/wp-content\/uploads\/2021\/03\/Worte1-scaled-e1616358016603.jpg","datePublished":"2021-03-21T20:48:55+00:00","breadcrumb":{"@id":"https:\/\/grips-im-kopf.de\/?page_id=73#breadcrumb"},"inLanguage":"de","potentialAction":[{"@type":"ReadAction","target":["https:\/\/grips-im-kopf.de\/?page_id=73"]}]},{"@type":"ImageObject","inLanguage":"de","@id":"https:\/\/grips-im-kopf.de\/?page_id=73#primaryimage","url":"https:\/\/grips-im-kopf.de\/wp-content\/uploads\/2021\/03\/Worte1-scaled-e1616358016603.jpg","contentUrl":"https:\/\/grips-im-kopf.de\/wp-content\/uploads\/2021\/03\/Worte1-scaled-e1616358016603.jpg","width":400,"height":484},{"@type":"BreadcrumbList","@id":"https:\/\/grips-im-kopf.de\/?page_id=73#breadcrumb","itemListElement":[{"@type":"ListItem","position":1,"name":"Startseite","item":"https:\/\/grips-im-kopf.de\/"},{"@type":"ListItem","position":2,"name":"&#8222;best of&#8220; Ged\u00e4chtnistraining bei Ihnen zu Hause"}]},{"@type":"WebSite","@id":"https:\/\/grips-im-kopf.de\/#website","url":"https:\/\/grips-im-kopf.de\/","name":"Ganzheitliches Ged\u00e4chtnistraining Frankfurt","description":"","publisher":{"@id":"https:\/\/grips-im-kopf.de\/#organization"},"potentialAction":[{"@type":"SearchAction","target":{"@type":"EntryPoint","urlTemplate":"https:\/\/grips-im-kopf.de\/?s={search_term_string}"},"query-input":{"@type":"PropertyValueSpecification","valueRequired":true,"valueName":"search_term_string"}}],"inLanguage":"de"},{"@type":"Organization","@id":"https:\/\/grips-im-kopf.de\/#organization","name":"Ganzheitliches Ged\u00e4chtnistraining Frankfurt","url":"https:\/\/grips-im-kopf.de\/","logo":{"@type":"ImageObject","inLanguage":"de","@id":"https:\/\/grips-im-kopf.de\/#\/schema\/logo\/image\/","url":"https:\/\/grips-im-kopf.de\/wp-content\/uploads\/2021\/04\/GIK-animated-4.png","contentUrl":"https:\/\/grips-im-kopf.de\/wp-content\/uploads\/2021\/04\/GIK-animated-4.png","width":398,"height":136,"caption":"Ganzheitliches Ged\u00e4chtnistraining Frankfurt"},"image":{"@id":"https:\/\/grips-im-kopf.de\/#\/schema\/logo\/image\/"}}]}},"_links":{"self":[{"href":"https:\/\/grips-im-kopf.de\/index.php?rest_route=\/wp\/v2\/pages\/73","targetHints":{"allow":["GET"]}}],"collection":[{"href":"https:\/\/grips-im-kopf.de\/index.php?rest_route=\/wp\/v2\/pages"}],"about":[{"href":"https:\/\/grips-im-kopf.de\/index.php?rest_route=\/wp\/v2\/types\/page"}],"author":[{"embeddable":true,"href":"https:\/\/grips-im-kopf.de\/index.php?rest_route=\/wp\/v2\/users\/1"}],"replies":[{"embeddable":true,"href":"https:\/\/grips-im-kopf.de\/index.php?rest_route=%2Fwp%2Fv2%2Fcomments&post=73"}],"version-history":[{"count":1,"href":"https:\/\/grips-im-kopf.de\/index.php?rest_route=\/wp\/v2\/pages\/73\/revisions"}],"predecessor-version":[{"id":74,"href":"https:\/\/grips-im-kopf.de\/index.php?rest_route=\/wp\/v2\/pages\/73\/revisions\/74"}],"wp:featuredmedia":[{"embeddable":true,"href":"https:\/\/grips-im-kopf.de\/index.php?rest_route=\/wp\/v2\/media\/43"}],"wp:attachment":[{"href":"https:\/\/grips-im-kopf.de\/index.php?rest_route=%2Fwp%2Fv2%2Fmedia&parent=73"}],"curies":[{"name":"wp","href":"https:\/\/api.w.org\/{rel}","templated":true}]}}