{"id":75,"date":"2021-03-21T21:49:37","date_gmt":"2021-03-21T20:49:37","guid":{"rendered":"http:\/\/grips-im-kopf.de\/?page_id=75"},"modified":"2021-04-30T21:45:42","modified_gmt":"2021-04-30T19:45:42","slug":"gedaechtnstraining-im-einzelcoaching","status":"publish","type":"page","link":"https:\/\/grips-im-kopf.de\/?page_id=75","title":{"rendered":"Ged\u00e4chtnistraining im Einzelcoaching"},"content":{"rendered":"\n<p>Dieses Coaching hat den Vorteil, dass speziell auf Ihre Bed\u00fcrfnisse eingegangen werden kann. Sei es, dass Sie sich im privaten Alltag besser zurechtfinden wollen oder dass Sie bestimmte Techniken suchen, um im beruflichen Alltag besser bestehen zu k\u00f6nnen. Hirnleistungstraining kann hier auch einen Beitrag als Stress- und Burnoutprophylaxe leisten.<\/p>\n\n\n\n<p>Im Einzeltraining k\u00f6nnen Sie in einem gesch\u00fctzten Rahmen Ihre Ged\u00e4chtnisleistung schulen. Wir sind sozusagen \u201eunter uns\u201c. Auch hier warten Denk\u00fcbungen, Bewegungseinheiten und Entspannendes auf Sie. Sprechen Sie mich dazu bitte direkt an.<\/p>\n","protected":false},"excerpt":{"rendered":"<p>Dieses Coaching hat den Vorteil, dass speziell auf Ihre Bed\u00fcrfnisse eingegangen werden kann. Sei es, dass Sie sich im privaten Alltag besser zurechtfinden wollen oder dass Sie bestimmte Techniken suchen, um im beruflichen Alltag besser bestehen zu k\u00f6nnen. Hirnleistungstraining kann hier auch einen Beitrag als Stress- und Burnoutprophylaxe leisten. Im Einzeltraining k\u00f6nnen Sie in einem [&hellip;]<\/p>\n","protected":false},"author":1,"featured_media":0,"parent":0,"menu_order":0,"comment_status":"closed","ping_status":"closed","template":"","meta":{"footnotes":""},"class_list":["post-75","page","type-page","status-publish","hentry"],"yoast_head":"<!-- This site is optimized with the Yoast SEO plugin v27.4 - https:\/\/yoast.com\/product\/yoast-seo-wordpress\/ -->\n<title>Verbesserung der Kognition als Stress und Burnoutprophylaxe.<\/title>\n<meta name=\"description\" content=\"Sich im privaten Leben wieder besser zurechtfinden und im beruflichesn Alltag besser bestehen k\u00f6nnen - das verringert den Stress.\" \/>\n<meta name=\"robots\" content=\"index, follow, max-snippet:-1, max-image-preview:large, max-video-preview:-1\" \/>\n<link rel=\"canonical\" href=\"https:\/\/grips-im-kopf.de\/?page_id=75\" \/>\n<meta property=\"og:locale\" content=\"de_DE\" \/>\n<meta property=\"og:type\" content=\"article\" \/>\n<meta property=\"og:title\" content=\"Verbesserung der Kognition als Stress und Burnoutprophylaxe.\" \/>\n<meta property=\"og:description\" content=\"Sich im privaten Leben wieder besser zurechtfinden und im beruflichesn Alltag besser bestehen k\u00f6nnen - das verringert den Stress.\" \/>\n<meta property=\"og:url\" content=\"https:\/\/grips-im-kopf.de\/?page_id=75\" \/>\n<meta property=\"og:site_name\" content=\"Ganzheitliches Ged\u00e4chtnistraining Frankfurt\" \/>\n<meta property=\"article:modified_time\" content=\"2021-04-30T19:45:42+00:00\" \/>\n<meta name=\"twitter:card\" content=\"summary_large_image\" \/>\n<meta name=\"twitter:label1\" content=\"Gesch\u00e4tzte Lesezeit\" \/>\n\t<meta name=\"twitter:data1\" content=\"1\u00a0Minute\" \/>\n<script type=\"application\/ld+json\" class=\"yoast-schema-graph\">{\"@context\":\"https:\\\/\\\/schema.org\",\"@graph\":[{\"@type\":\"WebPage\",\"@id\":\"https:\\\/\\\/grips-im-kopf.de\\\/?page_id=75\",\"url\":\"https:\\\/\\\/grips-im-kopf.de\\\/?page_id=75\",\"name\":\"Verbesserung der Kognition als Stress und Burnoutprophylaxe.\",\"isPartOf\":{\"@id\":\"https:\\\/\\\/grips-im-kopf.de\\\/#website\"},\"datePublished\":\"2021-03-21T20:49:37+00:00\",\"dateModified\":\"2021-04-30T19:45:42+00:00\",\"description\":\"Sich im privaten Leben wieder besser zurechtfinden und im beruflichesn Alltag besser bestehen k\u00f6nnen - das verringert den Stress.\",\"breadcrumb\":{\"@id\":\"https:\\\/\\\/grips-im-kopf.de\\\/?page_id=75#breadcrumb\"},\"inLanguage\":\"de\",\"potentialAction\":[{\"@type\":\"ReadAction\",\"target\":[\"https:\\\/\\\/grips-im-kopf.de\\\/?page_id=75\"]}]},{\"@type\":\"BreadcrumbList\",\"@id\":\"https:\\\/\\\/grips-im-kopf.de\\\/?page_id=75#breadcrumb\",\"itemListElement\":[{\"@type\":\"ListItem\",\"position\":1,\"name\":\"Startseite\",\"item\":\"https:\\\/\\\/grips-im-kopf.de\\\/\"},{\"@type\":\"ListItem\",\"position\":2,\"name\":\"Ged\u00e4chtnistraining im Einzelcoaching\"}]},{\"@type\":\"WebSite\",\"@id\":\"https:\\\/\\\/grips-im-kopf.de\\\/#website\",\"url\":\"https:\\\/\\\/grips-im-kopf.de\\\/\",\"name\":\"Ganzheitliches Ged\u00e4chtnistraining Frankfurt\",\"description\":\"\",\"publisher\":{\"@id\":\"https:\\\/\\\/grips-im-kopf.de\\\/#organization\"},\"potentialAction\":[{\"@type\":\"SearchAction\",\"target\":{\"@type\":\"EntryPoint\",\"urlTemplate\":\"https:\\\/\\\/grips-im-kopf.de\\\/?s={search_term_string}\"},\"query-input\":{\"@type\":\"PropertyValueSpecification\",\"valueRequired\":true,\"valueName\":\"search_term_string\"}}],\"inLanguage\":\"de\"},{\"@type\":\"Organization\",\"@id\":\"https:\\\/\\\/grips-im-kopf.de\\\/#organization\",\"name\":\"Ganzheitliches Ged\u00e4chtnistraining Frankfurt\",\"url\":\"https:\\\/\\\/grips-im-kopf.de\\\/\",\"logo\":{\"@type\":\"ImageObject\",\"inLanguage\":\"de\",\"@id\":\"https:\\\/\\\/grips-im-kopf.de\\\/#\\\/schema\\\/logo\\\/image\\\/\",\"url\":\"https:\\\/\\\/grips-im-kopf.de\\\/wp-content\\\/uploads\\\/2021\\\/04\\\/GIK-animated-4.png\",\"contentUrl\":\"https:\\\/\\\/grips-im-kopf.de\\\/wp-content\\\/uploads\\\/2021\\\/04\\\/GIK-animated-4.png\",\"width\":398,\"height\":136,\"caption\":\"Ganzheitliches Ged\u00e4chtnistraining Frankfurt\"},\"image\":{\"@id\":\"https:\\\/\\\/grips-im-kopf.de\\\/#\\\/schema\\\/logo\\\/image\\\/\"}}]}<\/script>\n<!-- \/ Yoast SEO plugin. -->","yoast_head_json":{"title":"Verbesserung der Kognition als Stress und Burnoutprophylaxe.","description":"Sich im privaten Leben wieder besser zurechtfinden und im beruflichesn Alltag besser bestehen k\u00f6nnen - das verringert den Stress.","robots":{"index":"index","follow":"follow","max-snippet":"max-snippet:-1","max-image-preview":"max-image-preview:large","max-video-preview":"max-video-preview:-1"},"canonical":"https:\/\/grips-im-kopf.de\/?page_id=75","og_locale":"de_DE","og_type":"article","og_title":"Verbesserung der Kognition als Stress und Burnoutprophylaxe.","og_description":"Sich im privaten Leben wieder besser zurechtfinden und im beruflichesn Alltag besser bestehen k\u00f6nnen - das verringert den Stress.","og_url":"https:\/\/grips-im-kopf.de\/?page_id=75","og_site_name":"Ganzheitliches Ged\u00e4chtnistraining Frankfurt","article_modified_time":"2021-04-30T19:45:42+00:00","twitter_card":"summary_large_image","twitter_misc":{"Gesch\u00e4tzte Lesezeit":"1\u00a0Minute"},"schema":{"@context":"https:\/\/schema.org","@graph":[{"@type":"WebPage","@id":"https:\/\/grips-im-kopf.de\/?page_id=75","url":"https:\/\/grips-im-kopf.de\/?page_id=75","name":"Verbesserung der Kognition als Stress und Burnoutprophylaxe.","isPartOf":{"@id":"https:\/\/grips-im-kopf.de\/#website"},"datePublished":"2021-03-21T20:49:37+00:00","dateModified":"2021-04-30T19:45:42+00:00","description":"Sich im privaten Leben wieder besser zurechtfinden und im beruflichesn Alltag besser bestehen k\u00f6nnen - das verringert den Stress.","breadcrumb":{"@id":"https:\/\/grips-im-kopf.de\/?page_id=75#breadcrumb"},"inLanguage":"de","potentialAction":[{"@type":"ReadAction","target":["https:\/\/grips-im-kopf.de\/?page_id=75"]}]},{"@type":"BreadcrumbList","@id":"https:\/\/grips-im-kopf.de\/?page_id=75#breadcrumb","itemListElement":[{"@type":"ListItem","position":1,"name":"Startseite","item":"https:\/\/grips-im-kopf.de\/"},{"@type":"ListItem","position":2,"name":"Ged\u00e4chtnistraining im Einzelcoaching"}]},{"@type":"WebSite","@id":"https:\/\/grips-im-kopf.de\/#website","url":"https:\/\/grips-im-kopf.de\/","name":"Ganzheitliches Ged\u00e4chtnistraining Frankfurt","description":"","publisher":{"@id":"https:\/\/grips-im-kopf.de\/#organization"},"potentialAction":[{"@type":"SearchAction","target":{"@type":"EntryPoint","urlTemplate":"https:\/\/grips-im-kopf.de\/?s={search_term_string}"},"query-input":{"@type":"PropertyValueSpecification","valueRequired":true,"valueName":"search_term_string"}}],"inLanguage":"de"},{"@type":"Organization","@id":"https:\/\/grips-im-kopf.de\/#organization","name":"Ganzheitliches Ged\u00e4chtnistraining Frankfurt","url":"https:\/\/grips-im-kopf.de\/","logo":{"@type":"ImageObject","inLanguage":"de","@id":"https:\/\/grips-im-kopf.de\/#\/schema\/logo\/image\/","url":"https:\/\/grips-im-kopf.de\/wp-content\/uploads\/2021\/04\/GIK-animated-4.png","contentUrl":"https:\/\/grips-im-kopf.de\/wp-content\/uploads\/2021\/04\/GIK-animated-4.png","width":398,"height":136,"caption":"Ganzheitliches Ged\u00e4chtnistraining Frankfurt"},"image":{"@id":"https:\/\/grips-im-kopf.de\/#\/schema\/logo\/image\/"}}]}},"_links":{"self":[{"href":"https:\/\/grips-im-kopf.de\/index.php?rest_route=\/wp\/v2\/pages\/75","targetHints":{"allow":["GET"]}}],"collection":[{"href":"https:\/\/grips-im-kopf.de\/index.php?rest_route=\/wp\/v2\/pages"}],"about":[{"href":"https:\/\/grips-im-kopf.de\/index.php?rest_route=\/wp\/v2\/types\/page"}],"author":[{"embeddable":true,"href":"https:\/\/grips-im-kopf.de\/index.php?rest_route=\/wp\/v2\/users\/1"}],"replies":[{"embeddable":true,"href":"https:\/\/grips-im-kopf.de\/index.php?rest_route=%2Fwp%2Fv2%2Fcomments&post=75"}],"version-history":[{"count":6,"href":"https:\/\/grips-im-kopf.de\/index.php?rest_route=\/wp\/v2\/pages\/75\/revisions"}],"predecessor-version":[{"id":130,"href":"https:\/\/grips-im-kopf.de\/index.php?rest_route=\/wp\/v2\/pages\/75\/revisions\/130"}],"wp:attachment":[{"href":"https:\/\/grips-im-kopf.de\/index.php?rest_route=%2Fwp%2Fv2%2Fmedia&parent=75"}],"curies":[{"name":"wp","href":"https:\/\/api.w.org\/{rel}","templated":true}]}}