{"id":79,"date":"2021-03-21T21:44:38","date_gmt":"2021-03-21T20:44:38","guid":{"rendered":"http:\/\/grips-im-kopf.de\/?page_id=79"},"modified":"2024-07-10T11:01:37","modified_gmt":"2024-07-10T09:01:37","slug":"gedaechtnistraining-spricht-alle-sinne-an-und-hilft-die-kognitive-leistung-zu-verbessern","status":"publish","type":"page","link":"https:\/\/grips-im-kopf.de\/?page_id=79","title":{"rendered":"Angebote"},"content":{"rendered":"\n<ul class=\"wp-block-list\">\n<li><a data-type=\"page\" data-id=\"69\" href=\"http:\/\/grips-im-kopf.de\/?page_id=69\">Ganzheitliches Ged\u00e4chtnistraining f\u00fcr fitte Senioren<\/a><\/li>\n\n\n\n<li><a data-type=\"page\" data-id=\"71\" href=\"http:\/\/grips-im-kopf.de\/?page_id=71\">Ganzheitliches Ged\u00e4chtnistraining als Pr\u00e4vention<\/a><\/li>\n\n\n\n<li><a data-type=\"page\" data-id=\"73\" href=\"http:\/\/grips-im-kopf.de\/?page_id=73\">\u201ebest of\u201c Ged\u00e4chtnistraining bei Ihnen zu Hause<\/a> <\/li>\n\n\n\n<li><a data-type=\"page\" data-id=\"75\" href=\"http:\/\/grips-im-kopf.de\/?page_id=75\">Ganzheitliches Ged\u00e4chtnistraining im Einzelcoaching<\/a><\/li>\n\n\n\n<li><a data-type=\"URL\" href=\"http:\/\/grips-im-kopf.de\/?page_id=98\">Ged\u00e4chtnistraining durch das Erlernen von Sprachen<\/a><\/li>\n\n\n\n<li><a href=\"?page_id=210\">Ged\u00e4chtnistraining bei post Covid-Syndrom<\/a><\/li>\n\n\n\n<li><a href=\"http:\/\/grips-im-kopf.de\/?page_id=268\"><strong>NEU: Ged\u00e4chtnistraining durch Bewegung<\/strong><\/a><\/li>\n<\/ul>\n\n\n\n<p><\/p>\n","protected":false},"excerpt":{"rendered":"","protected":false},"author":1,"featured_media":0,"parent":0,"menu_order":0,"comment_status":"closed","ping_status":"closed","template":"","meta":{"footnotes":""},"class_list":["post-79","page","type-page","status-publish","hentry"],"yoast_head":"<!-- This site is optimized with the Yoast SEO plugin v27.4 - https:\/\/yoast.com\/product\/yoast-seo-wordpress\/ -->\n<title>Ganzheitlcihes Ged\u00e4chtnistraining f\u00fcr Menschen mit post Covid Syndrom<\/title>\n<meta name=\"description\" content=\"Ganzheitliches Ged\u00e4chtnistraining hilft, die kognitive Leistung zu verbessern. In der Gruppe und auch im Einzeltraining.\" \/>\n<meta name=\"robots\" content=\"index, follow, max-snippet:-1, max-image-preview:large, max-video-preview:-1\" \/>\n<link rel=\"canonical\" href=\"https:\/\/grips-im-kopf.de\/?page_id=79\" \/>\n<meta property=\"og:locale\" content=\"de_DE\" \/>\n<meta property=\"og:type\" content=\"article\" \/>\n<meta property=\"og:title\" content=\"Ganzheitlcihes Ged\u00e4chtnistraining f\u00fcr Menschen mit post Covid Syndrom\" \/>\n<meta property=\"og:description\" content=\"Ganzheitliches Ged\u00e4chtnistraining hilft, die kognitive Leistung zu verbessern. In der Gruppe und auch im Einzeltraining.\" \/>\n<meta property=\"og:url\" content=\"https:\/\/grips-im-kopf.de\/?page_id=79\" \/>\n<meta property=\"og:site_name\" content=\"Ganzheitliches Ged\u00e4chtnistraining Frankfurt\" \/>\n<meta property=\"article:modified_time\" content=\"2024-07-10T09:01:37+00:00\" \/>\n<meta name=\"twitter:card\" content=\"summary_large_image\" \/>\n<meta name=\"twitter:label1\" content=\"Gesch\u00e4tzte Lesezeit\" \/>\n\t<meta name=\"twitter:data1\" content=\"1\u00a0Minute\" \/>\n<script type=\"application\/ld+json\" class=\"yoast-schema-graph\">{\"@context\":\"https:\\\/\\\/schema.org\",\"@graph\":[{\"@type\":\"WebPage\",\"@id\":\"https:\\\/\\\/grips-im-kopf.de\\\/?page_id=79\",\"url\":\"https:\\\/\\\/grips-im-kopf.de\\\/?page_id=79\",\"name\":\"Ganzheitlcihes Ged\u00e4chtnistraining f\u00fcr Menschen mit post Covid Syndrom\",\"isPartOf\":{\"@id\":\"https:\\\/\\\/grips-im-kopf.de\\\/#website\"},\"datePublished\":\"2021-03-21T20:44:38+00:00\",\"dateModified\":\"2024-07-10T09:01:37+00:00\",\"description\":\"Ganzheitliches Ged\u00e4chtnistraining hilft, die kognitive Leistung zu verbessern. In der Gruppe und auch im Einzeltraining.\",\"breadcrumb\":{\"@id\":\"https:\\\/\\\/grips-im-kopf.de\\\/?page_id=79#breadcrumb\"},\"inLanguage\":\"de\",\"potentialAction\":[{\"@type\":\"ReadAction\",\"target\":[\"https:\\\/\\\/grips-im-kopf.de\\\/?page_id=79\"]}]},{\"@type\":\"BreadcrumbList\",\"@id\":\"https:\\\/\\\/grips-im-kopf.de\\\/?page_id=79#breadcrumb\",\"itemListElement\":[{\"@type\":\"ListItem\",\"position\":1,\"name\":\"Startseite\",\"item\":\"https:\\\/\\\/grips-im-kopf.de\\\/\"},{\"@type\":\"ListItem\",\"position\":2,\"name\":\"Angebote\"}]},{\"@type\":\"WebSite\",\"@id\":\"https:\\\/\\\/grips-im-kopf.de\\\/#website\",\"url\":\"https:\\\/\\\/grips-im-kopf.de\\\/\",\"name\":\"Ganzheitliches Ged\u00e4chtnistraining Frankfurt\",\"description\":\"\",\"publisher\":{\"@id\":\"https:\\\/\\\/grips-im-kopf.de\\\/#organization\"},\"potentialAction\":[{\"@type\":\"SearchAction\",\"target\":{\"@type\":\"EntryPoint\",\"urlTemplate\":\"https:\\\/\\\/grips-im-kopf.de\\\/?s={search_term_string}\"},\"query-input\":{\"@type\":\"PropertyValueSpecification\",\"valueRequired\":true,\"valueName\":\"search_term_string\"}}],\"inLanguage\":\"de\"},{\"@type\":\"Organization\",\"@id\":\"https:\\\/\\\/grips-im-kopf.de\\\/#organization\",\"name\":\"Ganzheitliches Ged\u00e4chtnistraining Frankfurt\",\"url\":\"https:\\\/\\\/grips-im-kopf.de\\\/\",\"logo\":{\"@type\":\"ImageObject\",\"inLanguage\":\"de\",\"@id\":\"https:\\\/\\\/grips-im-kopf.de\\\/#\\\/schema\\\/logo\\\/image\\\/\",\"url\":\"https:\\\/\\\/grips-im-kopf.de\\\/wp-content\\\/uploads\\\/2021\\\/04\\\/GIK-animated-4.png\",\"contentUrl\":\"https:\\\/\\\/grips-im-kopf.de\\\/wp-content\\\/uploads\\\/2021\\\/04\\\/GIK-animated-4.png\",\"width\":398,\"height\":136,\"caption\":\"Ganzheitliches Ged\u00e4chtnistraining Frankfurt\"},\"image\":{\"@id\":\"https:\\\/\\\/grips-im-kopf.de\\\/#\\\/schema\\\/logo\\\/image\\\/\"}}]}<\/script>\n<!-- \/ Yoast SEO plugin. -->","yoast_head_json":{"title":"Ganzheitlcihes Ged\u00e4chtnistraining f\u00fcr Menschen mit post Covid Syndrom","description":"Ganzheitliches Ged\u00e4chtnistraining hilft, die kognitive Leistung zu verbessern. In der Gruppe und auch im Einzeltraining.","robots":{"index":"index","follow":"follow","max-snippet":"max-snippet:-1","max-image-preview":"max-image-preview:large","max-video-preview":"max-video-preview:-1"},"canonical":"https:\/\/grips-im-kopf.de\/?page_id=79","og_locale":"de_DE","og_type":"article","og_title":"Ganzheitlcihes Ged\u00e4chtnistraining f\u00fcr Menschen mit post Covid Syndrom","og_description":"Ganzheitliches Ged\u00e4chtnistraining hilft, die kognitive Leistung zu verbessern. In der Gruppe und auch im Einzeltraining.","og_url":"https:\/\/grips-im-kopf.de\/?page_id=79","og_site_name":"Ganzheitliches Ged\u00e4chtnistraining Frankfurt","article_modified_time":"2024-07-10T09:01:37+00:00","twitter_card":"summary_large_image","twitter_misc":{"Gesch\u00e4tzte Lesezeit":"1\u00a0Minute"},"schema":{"@context":"https:\/\/schema.org","@graph":[{"@type":"WebPage","@id":"https:\/\/grips-im-kopf.de\/?page_id=79","url":"https:\/\/grips-im-kopf.de\/?page_id=79","name":"Ganzheitlcihes Ged\u00e4chtnistraining f\u00fcr Menschen mit post Covid Syndrom","isPartOf":{"@id":"https:\/\/grips-im-kopf.de\/#website"},"datePublished":"2021-03-21T20:44:38+00:00","dateModified":"2024-07-10T09:01:37+00:00","description":"Ganzheitliches Ged\u00e4chtnistraining hilft, die kognitive Leistung zu verbessern. In der Gruppe und auch im Einzeltraining.","breadcrumb":{"@id":"https:\/\/grips-im-kopf.de\/?page_id=79#breadcrumb"},"inLanguage":"de","potentialAction":[{"@type":"ReadAction","target":["https:\/\/grips-im-kopf.de\/?page_id=79"]}]},{"@type":"BreadcrumbList","@id":"https:\/\/grips-im-kopf.de\/?page_id=79#breadcrumb","itemListElement":[{"@type":"ListItem","position":1,"name":"Startseite","item":"https:\/\/grips-im-kopf.de\/"},{"@type":"ListItem","position":2,"name":"Angebote"}]},{"@type":"WebSite","@id":"https:\/\/grips-im-kopf.de\/#website","url":"https:\/\/grips-im-kopf.de\/","name":"Ganzheitliches Ged\u00e4chtnistraining Frankfurt","description":"","publisher":{"@id":"https:\/\/grips-im-kopf.de\/#organization"},"potentialAction":[{"@type":"SearchAction","target":{"@type":"EntryPoint","urlTemplate":"https:\/\/grips-im-kopf.de\/?s={search_term_string}"},"query-input":{"@type":"PropertyValueSpecification","valueRequired":true,"valueName":"search_term_string"}}],"inLanguage":"de"},{"@type":"Organization","@id":"https:\/\/grips-im-kopf.de\/#organization","name":"Ganzheitliches Ged\u00e4chtnistraining Frankfurt","url":"https:\/\/grips-im-kopf.de\/","logo":{"@type":"ImageObject","inLanguage":"de","@id":"https:\/\/grips-im-kopf.de\/#\/schema\/logo\/image\/","url":"https:\/\/grips-im-kopf.de\/wp-content\/uploads\/2021\/04\/GIK-animated-4.png","contentUrl":"https:\/\/grips-im-kopf.de\/wp-content\/uploads\/2021\/04\/GIK-animated-4.png","width":398,"height":136,"caption":"Ganzheitliches Ged\u00e4chtnistraining Frankfurt"},"image":{"@id":"https:\/\/grips-im-kopf.de\/#\/schema\/logo\/image\/"}}]}},"_links":{"self":[{"href":"https:\/\/grips-im-kopf.de\/index.php?rest_route=\/wp\/v2\/pages\/79","targetHints":{"allow":["GET"]}}],"collection":[{"href":"https:\/\/grips-im-kopf.de\/index.php?rest_route=\/wp\/v2\/pages"}],"about":[{"href":"https:\/\/grips-im-kopf.de\/index.php?rest_route=\/wp\/v2\/types\/page"}],"author":[{"embeddable":true,"href":"https:\/\/grips-im-kopf.de\/index.php?rest_route=\/wp\/v2\/users\/1"}],"replies":[{"embeddable":true,"href":"https:\/\/grips-im-kopf.de\/index.php?rest_route=%2Fwp%2Fv2%2Fcomments&post=79"}],"version-history":[{"count":12,"href":"https:\/\/grips-im-kopf.de\/index.php?rest_route=\/wp\/v2\/pages\/79\/revisions"}],"predecessor-version":[{"id":320,"href":"https:\/\/grips-im-kopf.de\/index.php?rest_route=\/wp\/v2\/pages\/79\/revisions\/320"}],"wp:attachment":[{"href":"https:\/\/grips-im-kopf.de\/index.php?rest_route=%2Fwp%2Fv2%2Fmedia&parent=79"}],"curies":[{"name":"wp","href":"https:\/\/api.w.org\/{rel}","templated":true}]}}