{"id":9,"date":"2021-03-20T21:22:08","date_gmt":"2021-03-20T20:22:08","guid":{"rendered":"http:\/\/grips-im-kopf.de\/?page_id=9"},"modified":"2025-11-13T09:07:14","modified_gmt":"2025-11-13T08:07:14","slug":"ueber-mich","status":"publish","type":"page","link":"https:\/\/grips-im-kopf.de\/?page_id=9","title":{"rendered":"\u00dcber mich"},"content":{"rendered":"\n<p>Kurz Vita:<\/p>\n\n\n\n<ul class=\"wp-block-list\">\n<li>Diplom-Kauffrau von 1991 bis 2001 in Bereichen Marketing und Unternehmenskommunikation t\u00e4tig<\/li>\n\n\n\n<li>Rettungssanit\u00e4terin<\/li>\n\n\n\n<li>Heilpraktikerin in eigener Praxis f\u00fcr klassische Hom\u00f6opathie von 2006 bis 2014<\/li>\n\n\n\n<li>2012-2025 Dozentin in der hessischen Heilpraktikerschule Hochheim<\/li>\n\n\n\n<li>seit Oktober 2025 externe Dozentin im AGAPLESION Bildungszentrum f\u00fcr Pflegeberufe<\/li>\n\n\n\n<li>Stress- und Burnout Beraterin<\/li>\n\n\n\n<li>Gesundheitsf\u00f6rderer an Grundschulen (Klasse2000)<\/li>\n\n\n\n<li>Ganzheitliche Ged\u00e4chtnistrainerin zertifiziert vom \u201eBundesverband Ged\u00e4chtnistraining e.V.\u201cseit 2019<\/li>\n\n\n\n<li>KortX Trainerin &#8222;Sportliches Ged\u00e4chtnistraining&#8220; 2024<\/li>\n\n\n\n<li>Dozentin in Frankfurt (SeniorenLernZentrum, Cronstetten-Haus, Aja Textor Goethe Haus, Budge Stiftung, Nachbarschaftszentrum Ostend, katholische und evangelische Familienbildungsst\u00e4tten, Turnverein Bornheim)<\/li>\n<\/ul>\n\n\n<div class=\"wp-block-image is-style-default\">\n<figure class=\"aligncenter size-large is-resized\"><img loading=\"lazy\" decoding=\"async\" width=\"373\" height=\"608\" src=\"http:\/\/grips-im-kopf.de\/wp-content\/uploads\/2021\/03\/Flipchard..png\" alt=\"\" class=\"wp-image-58\" style=\"width:244px;height:391px\" srcset=\"https:\/\/grips-im-kopf.de\/wp-content\/uploads\/2021\/03\/Flipchard..png 373w, https:\/\/grips-im-kopf.de\/wp-content\/uploads\/2021\/03\/Flipchard.-184x300.png 184w\" sizes=\"auto, (max-width: 373px) 100vw, 373px\" \/><\/figure>\n<\/div>\n\n\n<p>Ich sch\u00f6pfe meine Energie aus der Zusammenarbeit mit Menschen, denen ich etwas nahebringen kann. Ich habe Erfahrungen sammeln k\u00f6nnen mit unterschiedlichen Gruppen beginnend mit Grundschulkindern bis hin zu Erwachsenen. Die Themen, die ich dort vermittle sind haupts\u00e4chlich Gesundheitsthemen wie zum Beispiel Erste Hilfe, die mir sehr am Herzen liegt sowie die Hom\u00f6opathie.<\/p>\n\n\n\n<p>Als Heilpraktikerin konnte ich in meiner Praxis immer wieder feststellen, wie wichtig die mentale Fitness im Prozess der Genesung ist.<\/p>\n\n\n\n<p>Das Ganzheitliche Ged\u00e4chtnistraining hat mich angesprochen, weil ich dort diese Lebenseinstellung weitergeben und Menschen helfen kann, ihre geistige Fitness zu steigern.<\/p>\n\n\n\n<p>Ich m\u00f6chte Ihnen in meinen Kursen die M\u00f6glichkeit geben, mit all Ihren Sinnen zu arbeiten und auf diese Weise wieder zu einer besseren Konzentration und Merkf\u00e4higkeit zu gelangen. Sie werden merken, wie auch Ihre Wortfindung Denkflexibilit\u00e4t und Ihre Kreativit\u00e4t im Laufe des Trainings verbessert werden.<\/p>\n\n\n\n<p>Hat sich eine Gruppe gefunden, gibt auch das Miteinander Kraft und Sie werden \u00fcberrascht sein, was Sie schaffen k\u00f6nnen. Durch diese Erfolge werden Ihre mentale Fitness und Ihr Selbstbewusstsein gest\u00e4rkt.<\/p>\n","protected":false},"excerpt":{"rendered":"<p>Kurz Vita: Ich sch\u00f6pfe meine Energie aus der Zusammenarbeit mit Menschen, denen ich etwas nahebringen kann. Ich habe Erfahrungen sammeln k\u00f6nnen mit unterschiedlichen Gruppen beginnend mit Grundschulkindern bis hin zu Erwachsenen. Die Themen, die ich dort vermittle sind haupts\u00e4chlich Gesundheitsthemen wie zum Beispiel Erste Hilfe, die mir sehr am Herzen liegt sowie die Hom\u00f6opathie. Als [&hellip;]<\/p>\n","protected":false},"author":1,"featured_media":0,"parent":0,"menu_order":0,"comment_status":"closed","ping_status":"closed","template":"","meta":{"footnotes":""},"class_list":["post-9","page","type-page","status-publish","hentry"],"yoast_head":"<!-- This site is optimized with the Yoast SEO plugin v27.4 - https:\/\/yoast.com\/product\/yoast-seo-wordpress\/ -->\n<title>\u00dcber mich - Ganzheitliches Ged\u00e4chtnistraining Frankfurt<\/title>\n<meta name=\"robots\" content=\"index, follow, max-snippet:-1, max-image-preview:large, max-video-preview:-1\" \/>\n<link rel=\"canonical\" href=\"https:\/\/grips-im-kopf.de\/?page_id=9\" \/>\n<meta property=\"og:locale\" content=\"de_DE\" \/>\n<meta property=\"og:type\" content=\"article\" \/>\n<meta property=\"og:title\" content=\"\u00dcber mich - Ganzheitliches Ged\u00e4chtnistraining Frankfurt\" \/>\n<meta property=\"og:description\" content=\"Kurz Vita: Ich sch\u00f6pfe meine Energie aus der Zusammenarbeit mit Menschen, denen ich etwas nahebringen kann. Ich habe Erfahrungen sammeln k\u00f6nnen mit unterschiedlichen Gruppen beginnend mit Grundschulkindern bis hin zu Erwachsenen. Die Themen, die ich dort vermittle sind haupts\u00e4chlich Gesundheitsthemen wie zum Beispiel Erste Hilfe, die mir sehr am Herzen liegt sowie die Hom\u00f6opathie. Als [&hellip;]\" \/>\n<meta property=\"og:url\" content=\"https:\/\/grips-im-kopf.de\/?page_id=9\" \/>\n<meta property=\"og:site_name\" content=\"Ganzheitliches Ged\u00e4chtnistraining Frankfurt\" \/>\n<meta property=\"article:modified_time\" content=\"2025-11-13T08:07:14+00:00\" \/>\n<meta property=\"og:image\" content=\"https:\/\/grips-im-kopf.de\/wp-content\/uploads\/2021\/03\/Flipchard..png\" \/>\n\t<meta property=\"og:image:width\" content=\"373\" \/>\n\t<meta property=\"og:image:height\" content=\"608\" \/>\n\t<meta property=\"og:image:type\" content=\"image\/png\" \/>\n<meta name=\"twitter:card\" content=\"summary_large_image\" \/>\n<meta name=\"twitter:label1\" content=\"Gesch\u00e4tzte Lesezeit\" \/>\n\t<meta name=\"twitter:data1\" content=\"2\u00a0Minuten\" \/>\n<script type=\"application\/ld+json\" class=\"yoast-schema-graph\">{\"@context\":\"https:\\\/\\\/schema.org\",\"@graph\":[{\"@type\":\"WebPage\",\"@id\":\"https:\\\/\\\/grips-im-kopf.de\\\/?page_id=9\",\"url\":\"https:\\\/\\\/grips-im-kopf.de\\\/?page_id=9\",\"name\":\"\u00dcber mich - Ganzheitliches Ged\u00e4chtnistraining Frankfurt\",\"isPartOf\":{\"@id\":\"https:\\\/\\\/grips-im-kopf.de\\\/#website\"},\"primaryImageOfPage\":{\"@id\":\"https:\\\/\\\/grips-im-kopf.de\\\/?page_id=9#primaryimage\"},\"image\":{\"@id\":\"https:\\\/\\\/grips-im-kopf.de\\\/?page_id=9#primaryimage\"},\"thumbnailUrl\":\"http:\\\/\\\/grips-im-kopf.de\\\/wp-content\\\/uploads\\\/2021\\\/03\\\/Flipchard..png\",\"datePublished\":\"2021-03-20T20:22:08+00:00\",\"dateModified\":\"2025-11-13T08:07:14+00:00\",\"breadcrumb\":{\"@id\":\"https:\\\/\\\/grips-im-kopf.de\\\/?page_id=9#breadcrumb\"},\"inLanguage\":\"de\",\"potentialAction\":[{\"@type\":\"ReadAction\",\"target\":[\"https:\\\/\\\/grips-im-kopf.de\\\/?page_id=9\"]}]},{\"@type\":\"ImageObject\",\"inLanguage\":\"de\",\"@id\":\"https:\\\/\\\/grips-im-kopf.de\\\/?page_id=9#primaryimage\",\"url\":\"https:\\\/\\\/grips-im-kopf.de\\\/wp-content\\\/uploads\\\/2021\\\/03\\\/Flipchard..png\",\"contentUrl\":\"https:\\\/\\\/grips-im-kopf.de\\\/wp-content\\\/uploads\\\/2021\\\/03\\\/Flipchard..png\",\"width\":373,\"height\":608},{\"@type\":\"BreadcrumbList\",\"@id\":\"https:\\\/\\\/grips-im-kopf.de\\\/?page_id=9#breadcrumb\",\"itemListElement\":[{\"@type\":\"ListItem\",\"position\":1,\"name\":\"Startseite\",\"item\":\"https:\\\/\\\/grips-im-kopf.de\\\/\"},{\"@type\":\"ListItem\",\"position\":2,\"name\":\"\u00dcber mich\"}]},{\"@type\":\"WebSite\",\"@id\":\"https:\\\/\\\/grips-im-kopf.de\\\/#website\",\"url\":\"https:\\\/\\\/grips-im-kopf.de\\\/\",\"name\":\"Ganzheitliches Ged\u00e4chtnistraining Frankfurt\",\"description\":\"\",\"publisher\":{\"@id\":\"https:\\\/\\\/grips-im-kopf.de\\\/#organization\"},\"potentialAction\":[{\"@type\":\"SearchAction\",\"target\":{\"@type\":\"EntryPoint\",\"urlTemplate\":\"https:\\\/\\\/grips-im-kopf.de\\\/?s={search_term_string}\"},\"query-input\":{\"@type\":\"PropertyValueSpecification\",\"valueRequired\":true,\"valueName\":\"search_term_string\"}}],\"inLanguage\":\"de\"},{\"@type\":\"Organization\",\"@id\":\"https:\\\/\\\/grips-im-kopf.de\\\/#organization\",\"name\":\"Ganzheitliches Ged\u00e4chtnistraining Frankfurt\",\"url\":\"https:\\\/\\\/grips-im-kopf.de\\\/\",\"logo\":{\"@type\":\"ImageObject\",\"inLanguage\":\"de\",\"@id\":\"https:\\\/\\\/grips-im-kopf.de\\\/#\\\/schema\\\/logo\\\/image\\\/\",\"url\":\"https:\\\/\\\/grips-im-kopf.de\\\/wp-content\\\/uploads\\\/2021\\\/04\\\/GIK-animated-4.png\",\"contentUrl\":\"https:\\\/\\\/grips-im-kopf.de\\\/wp-content\\\/uploads\\\/2021\\\/04\\\/GIK-animated-4.png\",\"width\":398,\"height\":136,\"caption\":\"Ganzheitliches Ged\u00e4chtnistraining Frankfurt\"},\"image\":{\"@id\":\"https:\\\/\\\/grips-im-kopf.de\\\/#\\\/schema\\\/logo\\\/image\\\/\"}}]}<\/script>\n<!-- \/ Yoast SEO plugin. -->","yoast_head_json":{"title":"\u00dcber mich - Ganzheitliches Ged\u00e4chtnistraining Frankfurt","robots":{"index":"index","follow":"follow","max-snippet":"max-snippet:-1","max-image-preview":"max-image-preview:large","max-video-preview":"max-video-preview:-1"},"canonical":"https:\/\/grips-im-kopf.de\/?page_id=9","og_locale":"de_DE","og_type":"article","og_title":"\u00dcber mich - Ganzheitliches Ged\u00e4chtnistraining Frankfurt","og_description":"Kurz Vita: Ich sch\u00f6pfe meine Energie aus der Zusammenarbeit mit Menschen, denen ich etwas nahebringen kann. Ich habe Erfahrungen sammeln k\u00f6nnen mit unterschiedlichen Gruppen beginnend mit Grundschulkindern bis hin zu Erwachsenen. Die Themen, die ich dort vermittle sind haupts\u00e4chlich Gesundheitsthemen wie zum Beispiel Erste Hilfe, die mir sehr am Herzen liegt sowie die Hom\u00f6opathie. Als [&hellip;]","og_url":"https:\/\/grips-im-kopf.de\/?page_id=9","og_site_name":"Ganzheitliches Ged\u00e4chtnistraining Frankfurt","article_modified_time":"2025-11-13T08:07:14+00:00","og_image":[{"width":373,"height":608,"url":"https:\/\/grips-im-kopf.de\/wp-content\/uploads\/2021\/03\/Flipchard..png","type":"image\/png"}],"twitter_card":"summary_large_image","twitter_misc":{"Gesch\u00e4tzte Lesezeit":"2\u00a0Minuten"},"schema":{"@context":"https:\/\/schema.org","@graph":[{"@type":"WebPage","@id":"https:\/\/grips-im-kopf.de\/?page_id=9","url":"https:\/\/grips-im-kopf.de\/?page_id=9","name":"\u00dcber mich - Ganzheitliches Ged\u00e4chtnistraining Frankfurt","isPartOf":{"@id":"https:\/\/grips-im-kopf.de\/#website"},"primaryImageOfPage":{"@id":"https:\/\/grips-im-kopf.de\/?page_id=9#primaryimage"},"image":{"@id":"https:\/\/grips-im-kopf.de\/?page_id=9#primaryimage"},"thumbnailUrl":"http:\/\/grips-im-kopf.de\/wp-content\/uploads\/2021\/03\/Flipchard..png","datePublished":"2021-03-20T20:22:08+00:00","dateModified":"2025-11-13T08:07:14+00:00","breadcrumb":{"@id":"https:\/\/grips-im-kopf.de\/?page_id=9#breadcrumb"},"inLanguage":"de","potentialAction":[{"@type":"ReadAction","target":["https:\/\/grips-im-kopf.de\/?page_id=9"]}]},{"@type":"ImageObject","inLanguage":"de","@id":"https:\/\/grips-im-kopf.de\/?page_id=9#primaryimage","url":"https:\/\/grips-im-kopf.de\/wp-content\/uploads\/2021\/03\/Flipchard..png","contentUrl":"https:\/\/grips-im-kopf.de\/wp-content\/uploads\/2021\/03\/Flipchard..png","width":373,"height":608},{"@type":"BreadcrumbList","@id":"https:\/\/grips-im-kopf.de\/?page_id=9#breadcrumb","itemListElement":[{"@type":"ListItem","position":1,"name":"Startseite","item":"https:\/\/grips-im-kopf.de\/"},{"@type":"ListItem","position":2,"name":"\u00dcber mich"}]},{"@type":"WebSite","@id":"https:\/\/grips-im-kopf.de\/#website","url":"https:\/\/grips-im-kopf.de\/","name":"Ganzheitliches Ged\u00e4chtnistraining Frankfurt","description":"","publisher":{"@id":"https:\/\/grips-im-kopf.de\/#organization"},"potentialAction":[{"@type":"SearchAction","target":{"@type":"EntryPoint","urlTemplate":"https:\/\/grips-im-kopf.de\/?s={search_term_string}"},"query-input":{"@type":"PropertyValueSpecification","valueRequired":true,"valueName":"search_term_string"}}],"inLanguage":"de"},{"@type":"Organization","@id":"https:\/\/grips-im-kopf.de\/#organization","name":"Ganzheitliches Ged\u00e4chtnistraining Frankfurt","url":"https:\/\/grips-im-kopf.de\/","logo":{"@type":"ImageObject","inLanguage":"de","@id":"https:\/\/grips-im-kopf.de\/#\/schema\/logo\/image\/","url":"https:\/\/grips-im-kopf.de\/wp-content\/uploads\/2021\/04\/GIK-animated-4.png","contentUrl":"https:\/\/grips-im-kopf.de\/wp-content\/uploads\/2021\/04\/GIK-animated-4.png","width":398,"height":136,"caption":"Ganzheitliches Ged\u00e4chtnistraining Frankfurt"},"image":{"@id":"https:\/\/grips-im-kopf.de\/#\/schema\/logo\/image\/"}}]}},"_links":{"self":[{"href":"https:\/\/grips-im-kopf.de\/index.php?rest_route=\/wp\/v2\/pages\/9","targetHints":{"allow":["GET"]}}],"collection":[{"href":"https:\/\/grips-im-kopf.de\/index.php?rest_route=\/wp\/v2\/pages"}],"about":[{"href":"https:\/\/grips-im-kopf.de\/index.php?rest_route=\/wp\/v2\/types\/page"}],"author":[{"embeddable":true,"href":"https:\/\/grips-im-kopf.de\/index.php?rest_route=\/wp\/v2\/users\/1"}],"replies":[{"embeddable":true,"href":"https:\/\/grips-im-kopf.de\/index.php?rest_route=%2Fwp%2Fv2%2Fcomments&post=9"}],"version-history":[{"count":17,"href":"https:\/\/grips-im-kopf.de\/index.php?rest_route=\/wp\/v2\/pages\/9\/revisions"}],"predecessor-version":[{"id":343,"href":"https:\/\/grips-im-kopf.de\/index.php?rest_route=\/wp\/v2\/pages\/9\/revisions\/343"}],"wp:attachment":[{"href":"https:\/\/grips-im-kopf.de\/index.php?rest_route=%2Fwp%2Fv2%2Fmedia&parent=9"}],"curies":[{"name":"wp","href":"https:\/\/api.w.org\/{rel}","templated":true}]}}