{"id":98,"date":"2021-03-22T09:14:44","date_gmt":"2021-03-22T08:14:44","guid":{"rendered":"http:\/\/grips-im-kopf.de\/?page_id=98"},"modified":"2021-03-22T09:29:48","modified_gmt":"2021-03-22T08:29:48","slug":"gedaechtnistraining-durch-das-erlernen-von-sprachen","status":"publish","type":"page","link":"https:\/\/grips-im-kopf.de\/?page_id=98","title":{"rendered":"Ged\u00e4chtnistraining durch das Erlernen von Sprachen"},"content":{"rendered":"\n<p>Auch das Erlernen einer Sprache verbessert die mentale Fitness. \u00c4ltere Menschen brauchen aber zum Erlernen einer Sprache mehr Zeit als Kinder oder j\u00fcngere Menschen. Das ist aber kein Grund aufzugeben!<\/p>\n\n\n\n<p>Mit speziellen Lernmaterialien kann Sprache entdeckt werden. Mehr praktische \u00dcbungen, aktive Spiele sowie Ged\u00e4chtnistraining \u00dcbungen in der jeweiligen Sprache unterst\u00fctzen spielerisch den Umgang mit der neuen Sprache.<\/p>\n\n\n\n<p>Nach diesem Konzept arbeitet das <a href=\"http:\/\/www.slz-frankfurt.de\" data-type=\"URL\" data-id=\"www.slz-frankfurt.de\">SeniorenLernZentrum, Frankfurt<\/a>, in dem ich Englisch und Franz\u00f6sisch unterrichte.<\/p>\n","protected":false},"excerpt":{"rendered":"<p>Auch das Erlernen einer Sprache verbessert die mentale Fitness. \u00c4ltere Menschen brauchen aber zum Erlernen einer Sprache mehr Zeit als Kinder oder j\u00fcngere Menschen. Das ist aber kein Grund aufzugeben! Mit speziellen Lernmaterialien kann Sprache entdeckt werden. Mehr praktische \u00dcbungen, aktive Spiele sowie Ged\u00e4chtnistraining \u00dcbungen in der jeweiligen Sprache unterst\u00fctzen spielerisch den Umgang mit der [&hellip;]<\/p>\n","protected":false},"author":1,"featured_media":34,"parent":0,"menu_order":0,"comment_status":"closed","ping_status":"closed","template":"","meta":{"footnotes":""},"class_list":["post-98","page","type-page","status-publish","has-post-thumbnail","hentry"],"yoast_head":"<!-- This site is optimized with the Yoast SEO plugin v27.5 - https:\/\/yoast.com\/product\/yoast-seo-wordpress\/ -->\n<title>Ged\u00e4chtnistraining durch das Erlernen von Sprachen - Ganzheitliches Ged\u00e4chtnistraining Frankfurt<\/title>\n<meta name=\"robots\" content=\"index, follow, max-snippet:-1, max-image-preview:large, max-video-preview:-1\" \/>\n<link rel=\"canonical\" href=\"https:\/\/grips-im-kopf.de\/?page_id=98\" \/>\n<meta property=\"og:locale\" content=\"de_DE\" \/>\n<meta property=\"og:type\" content=\"article\" \/>\n<meta property=\"og:title\" content=\"Ged\u00e4chtnistraining durch das Erlernen von Sprachen - Ganzheitliches Ged\u00e4chtnistraining Frankfurt\" \/>\n<meta property=\"og:description\" content=\"Auch das Erlernen einer Sprache verbessert die mentale Fitness. \u00c4ltere Menschen brauchen aber zum Erlernen einer Sprache mehr Zeit als Kinder oder j\u00fcngere Menschen. Das ist aber kein Grund aufzugeben! Mit speziellen Lernmaterialien kann Sprache entdeckt werden. Mehr praktische \u00dcbungen, aktive Spiele sowie Ged\u00e4chtnistraining \u00dcbungen in der jeweiligen Sprache unterst\u00fctzen spielerisch den Umgang mit der [&hellip;]\" \/>\n<meta property=\"og:url\" content=\"https:\/\/grips-im-kopf.de\/?page_id=98\" \/>\n<meta property=\"og:site_name\" content=\"Ganzheitliches Ged\u00e4chtnistraining Frankfurt\" \/>\n<meta property=\"article:modified_time\" content=\"2021-03-22T08:29:48+00:00\" \/>\n<meta property=\"og:image\" content=\"https:\/\/grips-im-kopf.de\/wp-content\/uploads\/2021\/03\/Englisch-scaled-e1616401654768.jpg\" \/>\n\t<meta property=\"og:image:width\" content=\"300\" \/>\n\t<meta property=\"og:image:height\" content=\"494\" \/>\n\t<meta property=\"og:image:type\" content=\"image\/jpeg\" \/>\n<meta name=\"twitter:card\" content=\"summary_large_image\" \/>\n<script type=\"application\/ld+json\" class=\"yoast-schema-graph\">{\"@context\":\"https:\\\/\\\/schema.org\",\"@graph\":[{\"@type\":\"WebPage\",\"@id\":\"https:\\\/\\\/grips-im-kopf.de\\\/?page_id=98\",\"url\":\"https:\\\/\\\/grips-im-kopf.de\\\/?page_id=98\",\"name\":\"Ged\u00e4chtnistraining durch das Erlernen von Sprachen - Ganzheitliches Ged\u00e4chtnistraining Frankfurt\",\"isPartOf\":{\"@id\":\"https:\\\/\\\/grips-im-kopf.de\\\/#website\"},\"primaryImageOfPage\":{\"@id\":\"https:\\\/\\\/grips-im-kopf.de\\\/?page_id=98#primaryimage\"},\"image\":{\"@id\":\"https:\\\/\\\/grips-im-kopf.de\\\/?page_id=98#primaryimage\"},\"thumbnailUrl\":\"https:\\\/\\\/grips-im-kopf.de\\\/wp-content\\\/uploads\\\/2021\\\/03\\\/Englisch-scaled-e1616401654768.jpg\",\"datePublished\":\"2021-03-22T08:14:44+00:00\",\"dateModified\":\"2021-03-22T08:29:48+00:00\",\"breadcrumb\":{\"@id\":\"https:\\\/\\\/grips-im-kopf.de\\\/?page_id=98#breadcrumb\"},\"inLanguage\":\"de\",\"potentialAction\":[{\"@type\":\"ReadAction\",\"target\":[\"https:\\\/\\\/grips-im-kopf.de\\\/?page_id=98\"]}]},{\"@type\":\"ImageObject\",\"inLanguage\":\"de\",\"@id\":\"https:\\\/\\\/grips-im-kopf.de\\\/?page_id=98#primaryimage\",\"url\":\"https:\\\/\\\/grips-im-kopf.de\\\/wp-content\\\/uploads\\\/2021\\\/03\\\/Englisch-scaled-e1616401654768.jpg\",\"contentUrl\":\"https:\\\/\\\/grips-im-kopf.de\\\/wp-content\\\/uploads\\\/2021\\\/03\\\/Englisch-scaled-e1616401654768.jpg\",\"width\":300,\"height\":494},{\"@type\":\"BreadcrumbList\",\"@id\":\"https:\\\/\\\/grips-im-kopf.de\\\/?page_id=98#breadcrumb\",\"itemListElement\":[{\"@type\":\"ListItem\",\"position\":1,\"name\":\"Startseite\",\"item\":\"https:\\\/\\\/grips-im-kopf.de\\\/\"},{\"@type\":\"ListItem\",\"position\":2,\"name\":\"Ged\u00e4chtnistraining durch das Erlernen von Sprachen\"}]},{\"@type\":\"WebSite\",\"@id\":\"https:\\\/\\\/grips-im-kopf.de\\\/#website\",\"url\":\"https:\\\/\\\/grips-im-kopf.de\\\/\",\"name\":\"Ganzheitliches Ged\u00e4chtnistraining Frankfurt\",\"description\":\"\",\"publisher\":{\"@id\":\"https:\\\/\\\/grips-im-kopf.de\\\/#organization\"},\"potentialAction\":[{\"@type\":\"SearchAction\",\"target\":{\"@type\":\"EntryPoint\",\"urlTemplate\":\"https:\\\/\\\/grips-im-kopf.de\\\/?s={search_term_string}\"},\"query-input\":{\"@type\":\"PropertyValueSpecification\",\"valueRequired\":true,\"valueName\":\"search_term_string\"}}],\"inLanguage\":\"de\"},{\"@type\":\"Organization\",\"@id\":\"https:\\\/\\\/grips-im-kopf.de\\\/#organization\",\"name\":\"Ganzheitliches Ged\u00e4chtnistraining Frankfurt\",\"url\":\"https:\\\/\\\/grips-im-kopf.de\\\/\",\"logo\":{\"@type\":\"ImageObject\",\"inLanguage\":\"de\",\"@id\":\"https:\\\/\\\/grips-im-kopf.de\\\/#\\\/schema\\\/logo\\\/image\\\/\",\"url\":\"https:\\\/\\\/grips-im-kopf.de\\\/wp-content\\\/uploads\\\/2021\\\/04\\\/GIK-animated-4.png\",\"contentUrl\":\"https:\\\/\\\/grips-im-kopf.de\\\/wp-content\\\/uploads\\\/2021\\\/04\\\/GIK-animated-4.png\",\"width\":398,\"height\":136,\"caption\":\"Ganzheitliches Ged\u00e4chtnistraining Frankfurt\"},\"image\":{\"@id\":\"https:\\\/\\\/grips-im-kopf.de\\\/#\\\/schema\\\/logo\\\/image\\\/\"}}]}<\/script>\n<!-- \/ Yoast SEO plugin. -->","yoast_head_json":{"title":"Ged\u00e4chtnistraining durch das Erlernen von Sprachen - Ganzheitliches Ged\u00e4chtnistraining Frankfurt","robots":{"index":"index","follow":"follow","max-snippet":"max-snippet:-1","max-image-preview":"max-image-preview:large","max-video-preview":"max-video-preview:-1"},"canonical":"https:\/\/grips-im-kopf.de\/?page_id=98","og_locale":"de_DE","og_type":"article","og_title":"Ged\u00e4chtnistraining durch das Erlernen von Sprachen - Ganzheitliches Ged\u00e4chtnistraining Frankfurt","og_description":"Auch das Erlernen einer Sprache verbessert die mentale Fitness. \u00c4ltere Menschen brauchen aber zum Erlernen einer Sprache mehr Zeit als Kinder oder j\u00fcngere Menschen. Das ist aber kein Grund aufzugeben! Mit speziellen Lernmaterialien kann Sprache entdeckt werden. Mehr praktische \u00dcbungen, aktive Spiele sowie Ged\u00e4chtnistraining \u00dcbungen in der jeweiligen Sprache unterst\u00fctzen spielerisch den Umgang mit der [&hellip;]","og_url":"https:\/\/grips-im-kopf.de\/?page_id=98","og_site_name":"Ganzheitliches Ged\u00e4chtnistraining Frankfurt","article_modified_time":"2021-03-22T08:29:48+00:00","og_image":[{"width":300,"height":494,"url":"https:\/\/grips-im-kopf.de\/wp-content\/uploads\/2021\/03\/Englisch-scaled-e1616401654768.jpg","type":"image\/jpeg"}],"twitter_card":"summary_large_image","schema":{"@context":"https:\/\/schema.org","@graph":[{"@type":"WebPage","@id":"https:\/\/grips-im-kopf.de\/?page_id=98","url":"https:\/\/grips-im-kopf.de\/?page_id=98","name":"Ged\u00e4chtnistraining durch das Erlernen von Sprachen - Ganzheitliches Ged\u00e4chtnistraining Frankfurt","isPartOf":{"@id":"https:\/\/grips-im-kopf.de\/#website"},"primaryImageOfPage":{"@id":"https:\/\/grips-im-kopf.de\/?page_id=98#primaryimage"},"image":{"@id":"https:\/\/grips-im-kopf.de\/?page_id=98#primaryimage"},"thumbnailUrl":"https:\/\/grips-im-kopf.de\/wp-content\/uploads\/2021\/03\/Englisch-scaled-e1616401654768.jpg","datePublished":"2021-03-22T08:14:44+00:00","dateModified":"2021-03-22T08:29:48+00:00","breadcrumb":{"@id":"https:\/\/grips-im-kopf.de\/?page_id=98#breadcrumb"},"inLanguage":"de","potentialAction":[{"@type":"ReadAction","target":["https:\/\/grips-im-kopf.de\/?page_id=98"]}]},{"@type":"ImageObject","inLanguage":"de","@id":"https:\/\/grips-im-kopf.de\/?page_id=98#primaryimage","url":"https:\/\/grips-im-kopf.de\/wp-content\/uploads\/2021\/03\/Englisch-scaled-e1616401654768.jpg","contentUrl":"https:\/\/grips-im-kopf.de\/wp-content\/uploads\/2021\/03\/Englisch-scaled-e1616401654768.jpg","width":300,"height":494},{"@type":"BreadcrumbList","@id":"https:\/\/grips-im-kopf.de\/?page_id=98#breadcrumb","itemListElement":[{"@type":"ListItem","position":1,"name":"Startseite","item":"https:\/\/grips-im-kopf.de\/"},{"@type":"ListItem","position":2,"name":"Ged\u00e4chtnistraining durch das Erlernen von Sprachen"}]},{"@type":"WebSite","@id":"https:\/\/grips-im-kopf.de\/#website","url":"https:\/\/grips-im-kopf.de\/","name":"Ganzheitliches Ged\u00e4chtnistraining Frankfurt","description":"","publisher":{"@id":"https:\/\/grips-im-kopf.de\/#organization"},"potentialAction":[{"@type":"SearchAction","target":{"@type":"EntryPoint","urlTemplate":"https:\/\/grips-im-kopf.de\/?s={search_term_string}"},"query-input":{"@type":"PropertyValueSpecification","valueRequired":true,"valueName":"search_term_string"}}],"inLanguage":"de"},{"@type":"Organization","@id":"https:\/\/grips-im-kopf.de\/#organization","name":"Ganzheitliches Ged\u00e4chtnistraining Frankfurt","url":"https:\/\/grips-im-kopf.de\/","logo":{"@type":"ImageObject","inLanguage":"de","@id":"https:\/\/grips-im-kopf.de\/#\/schema\/logo\/image\/","url":"https:\/\/grips-im-kopf.de\/wp-content\/uploads\/2021\/04\/GIK-animated-4.png","contentUrl":"https:\/\/grips-im-kopf.de\/wp-content\/uploads\/2021\/04\/GIK-animated-4.png","width":398,"height":136,"caption":"Ganzheitliches Ged\u00e4chtnistraining Frankfurt"},"image":{"@id":"https:\/\/grips-im-kopf.de\/#\/schema\/logo\/image\/"}}]}},"_links":{"self":[{"href":"https:\/\/grips-im-kopf.de\/index.php?rest_route=\/wp\/v2\/pages\/98","targetHints":{"allow":["GET"]}}],"collection":[{"href":"https:\/\/grips-im-kopf.de\/index.php?rest_route=\/wp\/v2\/pages"}],"about":[{"href":"https:\/\/grips-im-kopf.de\/index.php?rest_route=\/wp\/v2\/types\/page"}],"author":[{"embeddable":true,"href":"https:\/\/grips-im-kopf.de\/index.php?rest_route=\/wp\/v2\/users\/1"}],"replies":[{"embeddable":true,"href":"https:\/\/grips-im-kopf.de\/index.php?rest_route=%2Fwp%2Fv2%2Fcomments&post=98"}],"version-history":[{"count":3,"href":"https:\/\/grips-im-kopf.de\/index.php?rest_route=\/wp\/v2\/pages\/98\/revisions"}],"predecessor-version":[{"id":108,"href":"https:\/\/grips-im-kopf.de\/index.php?rest_route=\/wp\/v2\/pages\/98\/revisions\/108"}],"wp:featuredmedia":[{"embeddable":true,"href":"https:\/\/grips-im-kopf.de\/index.php?rest_route=\/wp\/v2\/media\/34"}],"wp:attachment":[{"href":"https:\/\/grips-im-kopf.de\/index.php?rest_route=%2Fwp%2Fv2%2Fmedia&parent=98"}],"curies":[{"name":"wp","href":"https:\/\/api.w.org\/{rel}","templated":true}]}}